{"id":9004,"date":"2016-09-29T17:32:51","date_gmt":"2016-09-29T15:32:51","guid":{"rendered":"http:\/\/meccanictf.cluster011.ovh.net\/?page_id=9004"},"modified":"2025-10-08T09:33:14","modified_gmt":"2025-10-08T07:33:14","slug":"zertifizierung","status":"publish","type":"page","link":"https:\/\/www.meccanicasbarzaglia.com\/de\/zertifizierung\/","title":{"rendered":"Zertifizierung"},"content":{"rendered":"<div class=\"wpb-content-wrapper\"><p>[vc_row type=&#8220;full-width-section&#8220; css=&#8220;.vc_custom_1463391196725{background-image: url(https:\/\/www.meccanicasbarzaglia.com\/wp-content\/uploads\/2016\/01\/bosco-1400&#215;500.jpg?id=8703) !important;background-position: center !important;background-repeat: no-repeat !important;background-size: cover !important;}&#8220;][vc_column width=&#8220;1\/3&#8243;][\/vc_column][vc_column width=&#8220;1\/3&#8243;][\/vc_column][vc_column width=&#8220;1\/3&#8243; css=&#8220;.vc_custom_1455026449523{background-color: rgba(94,153,47,0.7) !important;*background-color: rgb(94,153,47) !important;}&#8220;][vc_column_text css=&#8220;.vc_custom_1475162855708{padding-top: 40px !important;padding-right: 20px !important;padding-bottom: 20px !important;padding-left: 20px !important;}&#8220;]<\/p>\n<p style=\"font-size: 14px; font-weight: 400; line-height: 20px; text-align: right;\"><span style=\"color: #ebebeb;\">EIN HEKTAR WALD<br \/>\nKANN PRO JAHR 6 TONNEN<\/span><br \/>\n<span style=\"color: #ebebeb;\"> KOHLENDIOXID ABSORBIEREN<\/span><\/p>\n<p style=\"font-size: 13px; font-weight: 400; line-height: 20px; text-align: right;\"><span style=\"color: #ebebeb;\">2015 haben wir dank \u00d6kostrom<br \/>\n<\/span><span style=\"color: #ebebeb;\">die Emission von Kohlendioxid in der Atmosph\u00e4re um 159 Tonnen <\/span><br \/>\n<span style=\"color: #ebebeb;\"><em>(entspricht 26 Hektar Wald)<\/em> <\/span><br \/>\n<span style=\"color: #ebebeb;\"> reduziert und somit zur Verringerung des Treibhauseffekts beigetragen<\/span><\/p>\n<p>[\/vc_column_text][\/vc_column][\/vc_row][vc_row css=&#8220;.vc_custom_1463399514034{margin-top: 0px !important;padding-top: 20px !important;}&#8220;][vc_column width=&#8220;1\/2&#8243; css=&#8220;.vc_custom_1455026492498{padding-left: 20px !important;}&#8220;][vc_column_text css=&#8220;.vc_custom_1475076236591{margin-bottom: 10px !important;border-bottom-width: 0px !important;padding-bottom: 0px !important;}&#8220;]<\/p>\n<h3><strong>DER MENSCH IM MITTELPUNK<\/strong><\/h3>\n<p>[\/vc_column_text][vc_column_text]<\/p>\n<p style=\"text-align: justify; font-size: 14px; font-weight: 400; line-height: 20px;\">Jeder Mitarbeiter betrachtet seine Aktivit\u00e4t im Unternehmen als <strong>gemeinsames Gut<\/strong> und leistet seinen Beitrag zur Erf\u00fcllung der Unternehmensziele. Unsere Mitarbeiter wissen, dass sie ein wichtiger Bestandteil des Unternehmens sind. Das gibt ihnen ein Gef\u00fchl der Zugeh\u00f6rigkeit, das die besten Arbeitsleistungen hervorruft und ein positives Arbeitsklima f\u00f6rdert. Sicherheit und Zuverl\u00e4ssigkeit sind <strong>der Fokus unserer Arbeit<\/strong>. Wir bem\u00fchen uns, durch eine klare Aufteilung von Verantwortlichkeiten und Arbeitsprozessen das Arbeitsleben unserer Mitarbeiter st\u00e4ndig zu verbessern. Wir glauben an die St\u00e4rke jedes Einzelnen und f\u00f6rdern gleichzeitig das Mannschaftsgef\u00fchl durch Austausch unter den Mitarbeitern, Brainstorming, interne Kommunikationsmittel und w\u00f6chentliche Meetings. Wir f\u00f6rdern die berufliche Weiterentwicklung unserer Mitarbeiter durch <strong>Fort- und Weiterbildung<\/strong>.<\/p>\n<p>[\/vc_column_text][\/vc_column][vc_column width=&#8220;1\/2&#8243;][vc_single_image image=&#8220;8705&#8243; img_size=&#8220;full&#8220; alignment=&#8220;center&#8220; style=&#8220;vc_box_rounded&#8220; css=&#8220;.vc_custom_1463399941872{margin-bottom: 0px !important;padding-top: 45px !important;padding-bottom: 0px !important;}&#8220;][\/vc_column][\/vc_row][vc_row][vc_column css=&#8220;.vc_custom_1455026522022{padding-right: 20px !important;padding-left: 20px !important;}&#8220;][vc_tabs interval=&#8220;0&#8243;][vc_tab title=&#8220;DER UMWELT ZULIEBE&#8220; tab_id=&#8220;6e4e31fd-76de-1&#8243;][vc_column_text css=&#8220;.vc_custom_1619605132075{margin-top: 25px !important;padding-bottom: 60px !important;}&#8220;]<\/p>\n<p style=\"text-align: justify; font-size: 14px; font-weight: 400; line-height: 20px;\">Wir lieben die Umwelt und f\u00fchlen uns als produzierendes Unternehmen f\u00fcr den Schutz unseres Planeten besonders verantwortlich. Durch die Zertifizierung unseres <strong>Umweltmanagementsystems nach UNI EN ISO 14001:2004<\/strong> haben wir uns dem Umweltschutz verpflichtet.<\/p>\n<p><img loading=\"lazy\" decoding=\"async\" class=\"wp-image-9488 alignright\" src=\"https:\/\/www.meccanicasbarzaglia.com\/wp-content\/uploads\/2021\/04\/141_Blatt_rgb_120-5.jpg\" alt=\"\" width=\"129\" height=\"129\" srcset=\"https:\/\/www.meccanicasbarzaglia.com\/wp-content\/uploads\/2021\/04\/141_Blatt_rgb_120-5.jpg 495w, https:\/\/www.meccanicasbarzaglia.com\/wp-content\/uploads\/2021\/04\/141_Blatt_rgb_120-5-300x300.jpg 300w, https:\/\/www.meccanicasbarzaglia.com\/wp-content\/uploads\/2021\/04\/141_Blatt_rgb_120-5-150x150.jpg 150w, https:\/\/www.meccanicasbarzaglia.com\/wp-content\/uploads\/2021\/04\/141_Blatt_rgb_120-5-768x768.jpg 768w, https:\/\/www.meccanicasbarzaglia.com\/wp-content\/uploads\/2021\/04\/141_Blatt_rgb_120-5-570x570.jpg 570w\" sizes=\"auto, (max-width: 129px) 100vw, 129px\" \/><\/p>\n<p style=\"text-align: justify; font-size: 14px; font-weight: 400; line-height: 20px;\">2007 haben wir unseren <strong>Strom- und Wasserverbrauch<\/strong> dank der Installation einer <strong>220kW Photovoltaik-Anlage<\/strong> und dem Bau von vier Regenwassertanks stark <strong>reduziert<\/strong>. Unsere Abfallmengen sind minimal und wir entsorgen unseren Abfall umweltgerecht. Wir haben <strong>die Transportwege<\/strong> durch Optimierung unserer Logistik reduziert.<\/p>\n<p>[\/vc_column_text][\/vc_tab][vc_tab title=&#8220;DIE QUALIT\u00c4T&#8220; tab_id=&#8220;a2787cc4-5015-9&#8243;][vc_column_text]<img loading=\"lazy\" decoding=\"async\" class=\"wp-image-9490 alignleft\" src=\"https:\/\/www.meccanicasbarzaglia.com\/wp-content\/uploads\/2021\/04\/91_ISO9001_rgb_120-5.jpg\" alt=\"\" width=\"108\" height=\"108\" srcset=\"https:\/\/www.meccanicasbarzaglia.com\/wp-content\/uploads\/2021\/04\/91_ISO9001_rgb_120-5.jpg 495w, https:\/\/www.meccanicasbarzaglia.com\/wp-content\/uploads\/2021\/04\/91_ISO9001_rgb_120-5-300x300.jpg 300w, https:\/\/www.meccanicasbarzaglia.com\/wp-content\/uploads\/2021\/04\/91_ISO9001_rgb_120-5-150x150.jpg 150w, https:\/\/www.meccanicasbarzaglia.com\/wp-content\/uploads\/2021\/04\/91_ISO9001_rgb_120-5-768x768.jpg 768w, https:\/\/www.meccanicasbarzaglia.com\/wp-content\/uploads\/2021\/04\/91_ISO9001_rgb_120-5-570x570.jpg 570w\" sizes=\"auto, (max-width: 108px) 100vw, 108px\" \/><\/p>\n<p style=\"text-align: justify; font-size: 14px; font-weight: 400; line-height: 20px;\">Die Begabung und das Engagement jedes Einzelnen f\u00fchren zu au\u00dfergew\u00f6hnlichen Ergebnissen aber nur die Zusammenstellung von motivierten und leistungsstarken Teams erbringt qualitativ hochwertige Leistungen.<br \/>\nDie Zusammenarbeit der Mitarbeiter schafft die notwendige Basis, um das Fehlerrisiko zu begrenzen und zuverl\u00e4ssige Leistungen kontinuierlich zu gew\u00e4hrleisten.<br \/>\nUnser Schwerpunkt liegt <strong>in der guten und geplanten Zusammenarbeit<\/strong>; wir entwickeln erfolgreiche Arbeitsprozesse, welche die Erreichung der gew\u00fcnschten Ergebnisse sicherstellen. Methode, Kontrolle, kritischer Geist sind dabei die wichtigsten Prinzipien.<br \/>\nSeit 2001 sind wir nach\u00a0 <strong>UNI EN ISO 9001:2008<\/strong>\u00a0 zertifiziert.<\/p>\n<p>[\/vc_column_text][\/vc_tab][vc_tab title=&#8220;WERTVOLLE LEISTUNG&#8220; tab_id=&#8220;1453644038531-2-5&#8243;][vc_column_text css=&#8220;.vc_custom_1475076896290{padding-bottom: 100px !important;}&#8220;]<\/p>\n<h3><a href=\"https:\/\/www.meccanicasbarzaglia.com\/wp-content\/uploads\/2016\/01\/Crit-2016.png\"><img loading=\"lazy\" decoding=\"async\" class=\"alignleft wp-image-8669 size-medium\" src=\"https:\/\/www.meccanicasbarzaglia.com\/wp-content\/uploads\/2016\/01\/Crit-2016-212x300.png\" alt=\"Crit-2016\" width=\"212\" height=\"300\" srcset=\"https:\/\/www.meccanicasbarzaglia.com\/wp-content\/uploads\/2016\/01\/Crit-2016-212x300.png 212w, https:\/\/www.meccanicasbarzaglia.com\/wp-content\/uploads\/2016\/01\/Crit-2016.png 566w\" sizes=\"auto, (max-width: 212px) 100vw, 212px\" \/><\/a> \u201eCRIT RESEARCH\u201c AKKREDITIERTER LIEFERANT<\/h3>\n<p style=\"text-align: justify; font-size: 14px; font-weight: 400; line-height: 20px;\">Crit-Research aus Modena hat unsere F\u00e4higkeit anerkannt, Kunden in Bezug auf Qualit\u00e4t und Zuverl\u00e4ssigkeit bei strategisch wichtigen Produkten wie die Prototypen zufriedenzustellen. Seit 2008 sind wir bei Crit-Research und seinen 28 Mitgliedsunternehmen als Lieferant akkreditiert. Das Crit-Reaserch-Netzwerk z\u00e4hlt derzeit rund vierzig akkreditierte Lieferanten und stammt aus dem Wunsch der Crit-Research-Mitglieder, die <strong>eigenen besten und hochspezialisierten Lieferanten<\/strong> miteinander zu teilen.<\/p>\n<p>[\/vc_column_text][\/vc_tab][vc_tab title=&#8220;EINIGKEIT MACHT STARK&#8220; tab_id=&#8220;1453653566284-3-0&#8243;][vc_column_text css=&#8220;.vc_custom_1475163078115{padding-bottom: 10px !important;}&#8220;]<img loading=\"lazy\" decoding=\"async\" class=\" alignright\" src=\"https:\/\/www.meccanicasbarzaglia.com\/wp-content\/uploads\/2015\/03\/logo-crit_g.png\" alt=\"logo-crit_g\" width=\"221\" height=\"131\" \/><\/p>\n<p style=\"text-align: justify; font-size: 14px; font-weight: 400; line-height: 20px;\">Wir agieren in einem sehr komplexen Umfeld, wo alles gleichzeitig passiert. Marktkenntnisse und das Gesp\u00fcr f\u00fcr die Marktentwicklungen sind von entscheidender Bedeutung, um die Gegenwart richtig zu interpretieren und die Zukunft zu gestalten.<br \/>\nDer Zugang zu den richtigen Informationen ist genauso wichtig wie der gemeinsame Zugriff auf die Informationen. Dank einem st\u00e4ndigen Austausch mit anderen Unternehmen entwickeln wir neue Ideen und innovative L\u00f6sungen.<br \/>\nDiesbez\u00fcglich bietet unser Partner <strong>Crit-Reaserch<\/strong>-Technologiebroker einige Netzwerktreffen \u00fcber strategischen Themen sowie Fachberatung.<br \/>\nIm Laufe der Jahre haben wir uns der NFA angeschlossen, der Gruppe der bei Crit-Research akkreditierten Lieferanten, und haben ein <strong>Unternehmen-Netzwerk<\/strong> gebildet, das h\u00e4ufig gemeinsame Projekte durchf\u00fchrt.<\/p>\n<p>[\/vc_column_text][\/vc_tab][vc_tab title=&#8220;INDUSTRY 4.0&#8243; tab_id=&#8220;1487694346715-4-4&#8243;][vc_column_text css=&#8220;.vc_custom_1759908790353{padding-bottom: 30px !important;}&#8220;]<img loading=\"lazy\" decoding=\"async\" class=\"alignleft wp-image-9234\" src=\"https:\/\/www.meccanicasbarzaglia.com\/wp-content\/uploads\/2016\/01\/label-CFI-ordinario.png\" alt=\"CFI ordinario\" width=\"260\" height=\"131\" srcset=\"https:\/\/www.meccanicasbarzaglia.com\/wp-content\/uploads\/2016\/01\/label-CFI-ordinario.png 357w, https:\/\/www.meccanicasbarzaglia.com\/wp-content\/uploads\/2016\/01\/label-CFI-ordinario-300x151.png 300w, https:\/\/www.meccanicasbarzaglia.com\/wp-content\/uploads\/2016\/01\/label-CFI-ordinario-768x384.png 768w\" sizes=\"auto, (max-width: 260px) 100vw, 260px\" \/><\/p>\n<p style=\"text-align: justify; font-size: 14px; font-weight: 400; line-height: 20px;\">\u00ad<br \/>\nMeccanica Sbarzaglia member of The Italian Technology Cluster \u201cIntelligent Factories\u201d sets the target of developing and implementing a strategy based on research and innovation, able to consolidate and increment the national competitive advantages and, in the meantime, to orient the transformation of the Italian Manufacturing sector towards new product systems, processes\/technologies and manufacturing systems, coherently with the strategic agendas of the European Union for research and innovation.<\/p>\n<p>[\/vc_column_text][\/vc_tab][\/vc_tabs][\/vc_column][\/vc_row][vc_row][vc_column][vc_column_text]<\/p>\n<p>[\/vc_column_text][\/vc_column][\/vc_row][vc_row type=&#8220;full-width-section&#8220; css=&#8220;.vc_custom_1478778722814{margin-bottom: 0px !important;border-top-width: 2px !important;padding-top: 5px !important;background-color: #000000 !important;background-position: center !important;background-repeat: no-repeat !important;background-size: cover !important;}&#8220;][vc_column width=&#8220;2\/3&#8243;][vc_column_text css=&#8220;.vc_custom_1706168461280{padding-top: 18px !important;}&#8220;]<\/p>\n<p style=\"font-size: 12px; font-weight: 300; line-height: 14px; text-align: right;\"><span style=\"color: #ededed;\"><strong>MECCANICA SBARZAGLIA di Sbarzaglia Giovanni &amp; C. s.n.c.\u00a0<\/strong> via Sali, 8\u00a0 48018 Faenza (RA) Italy\u00a0 \u00a0\u00a0 <strong>tel<\/strong>: (+39) 0546 620047\u00a0\u00a0\u00a0 <strong>fax<\/strong>: (+39) 0546 621492<br \/>\n<\/span><\/p>\n<p>[\/vc_column_text][\/vc_column][vc_column width=&#8220;1\/3&#8243;]<style type=\"text\/css\" >#b_cd0dgwfqobsrokeos3qa a{color:#ededed; background:; margin-top:0px; margin-bottom:0px;  margin-left:0px; margin-right:0px; font-weight:300; border-radius:0px;}#b_cd0dgwfqobsrokeos3qa a:hover{color:#dd3333 ; background: ;}<\/style><div class=\"ta_center tf_btn_pos\" id=\"b_cd0dgwfqobsrokeos3qa\" ><a class=\"rd_normal_bt smallmedium_rd_bt bt_icon_left   \" href=\"mailto:info@meccanicasbarzaglia.com\" target=\"\"   ><i class=\"zo-email\" ><\/i><span>kontaktieren Sie uns<\/span><\/a><\/div><style type=\"text\/css\" >#b_cd0dgwfqobsrokeos3qa i {color:#ededed;}#b_cd0dgwfqobsrokeos3qa a:hover i{color:#dd3333;}<\/style><style type='text\/css'> @font-face{font-family: 'zo'; src:url('https:\/\/www.meccanicasbarzaglia.com\/wp-content\/themes\/thefox\/includes\/4k-icons\/icons\/4k-icons-pack05\/icons\/fonts\/zo.eot'); src:url('https:\/\/www.meccanicasbarzaglia.com\/wp-content\/themes\/thefox\/includes\/4k-icons\/icons\/4k-icons-pack05\/icons\/fonts\/zo.eot?#iefix') format('embedded-opentype'), url('https:\/\/www.meccanicasbarzaglia.com\/wp-content\/themes\/thefox\/includes\/4k-icons\/icons\/4k-icons-pack05\/icons\/fonts\/zo.woff') format('woff'), url('https:\/\/www.meccanicasbarzaglia.com\/wp-content\/themes\/thefox\/includes\/4k-icons\/icons\/4k-icons-pack05\/icons\/fonts\/zo.ttf') format('truetype'), url('https:\/\/www.meccanicasbarzaglia.com\/wp-content\/themes\/thefox\/includes\/4k-icons\/icons\/4k-icons-pack05\/icons\/fonts\/zo.svg#oi') format('svg'); font-weight: normal; font-style: normal;}#b_cd0dgwfqobsrokeos3qa .zo-email:before{font-family: 'zo'; font-weight: normal; font-style: normal;}#b_cd0dgwfqobsrokeos3qa .zo-email:before{content: \"\\e836\";}<\/style>\n[\/vc_column][\/vc_row][vc_row type=&#8220;full-width-section&#8220; css=&#8220;.vc_custom_1463351626064{margin-bottom: 0px !important;background-color: #000000 !important;background-position: center !important;background-repeat: no-repeat !important;background-size: cover !important;}&#8220;][vc_column][vc_column_text css=&#8220;.vc_custom_1706168486879{padding-top: 5px !important;padding-bottom: 18px !important;}&#8220;]<\/p>\n<p style=\"font-size: 12px; font-weight: 400; line-height: 15px; text-align: center;\"><span style=\"color: #ffffff;\">Copyright 2017 &#8211; MECCANICA SBARZAGLIA .di Sbarzaglia Giovanni &amp; C. s.n.c. &#8211; Cod. Fisc. e P.IVA 00996240396 &#8211; Capitale Sociale \u20ac 70.000,00 i.v. | All Rights Reserved | <a style=\"color: #ffffff;\" href=\"https:\/\/www.meccanicasbarzaglia.com\/privacy-e-cookies-policy\/\" target=\"_blank\" rel=\"noopener\">Cookie Policy<\/a><\/span><\/p>\n<p>[\/vc_column_text][\/vc_column][\/vc_row]<\/p>\n<\/div>","protected":false},"excerpt":{"rendered":"<p>[vc_row type=&#8220;full-width-section&#8220; css=&#8220;.vc_custom_1463391196725{background-image: url(https:\/\/www.meccanicasbarzaglia.com\/wp-content\/uploads\/2016\/01\/bosco-1400&#215;500.jpg?id=8703) !important;background-position: center !important;background-repeat: no-repeat !important;background-size: cover !important;}&#8220;][vc_column width=&#8220;1\/3&#8243;][\/vc_column][vc_column width=&#8220;1\/3&#8243;][\/vc_column][vc_column width=&#8220;1\/3&#8243; css=&#8220;.vc_custom_1455026449523{background-color: rgba(94,153,47,0.7) !important;*background-color: rgb(94,153,47) !important;}&#8220;][vc_column_text css=&#8220;.vc_custom_1475162855708{padding-top: 40px !important;padding-right: 20px !important;padding-bottom: 20px !important;padding-left: 20px !important;}&#8220;] EIN HEKTAR WALD KANN PRO JAHR 6 TONNEN KOHLENDIOXID ABSORBIEREN 2015 haben wir dank \u00d6kostrom die Emission von Kohlendioxid in der Atmosph\u00e4re um 159 Tonnen (entspricht 26<br \/><a href=\"https:\/\/www.meccanicasbarzaglia.com\/de\/zertifizierung\/\" class=\"more\">Read more<\/a><\/p>\n","protected":false},"author":2,"featured_media":0,"parent":0,"menu_order":7,"comment_status":"closed","ping_status":"closed","template":"","meta":{"footnotes":""},"class_list":["post-9004","page","type-page","status-publish","hentry"],"_links":{"self":[{"href":"https:\/\/www.meccanicasbarzaglia.com\/de\/wp-json\/wp\/v2\/pages\/9004","targetHints":{"allow":["GET"]}}],"collection":[{"href":"https:\/\/www.meccanicasbarzaglia.com\/de\/wp-json\/wp\/v2\/pages"}],"about":[{"href":"https:\/\/www.meccanicasbarzaglia.com\/de\/wp-json\/wp\/v2\/types\/page"}],"author":[{"embeddable":true,"href":"https:\/\/www.meccanicasbarzaglia.com\/de\/wp-json\/wp\/v2\/users\/2"}],"replies":[{"embeddable":true,"href":"https:\/\/www.meccanicasbarzaglia.com\/de\/wp-json\/wp\/v2\/comments?post=9004"}],"version-history":[{"count":14,"href":"https:\/\/www.meccanicasbarzaglia.com\/de\/wp-json\/wp\/v2\/pages\/9004\/revisions"}],"predecessor-version":[{"id":9786,"href":"https:\/\/www.meccanicasbarzaglia.com\/de\/wp-json\/wp\/v2\/pages\/9004\/revisions\/9786"}],"wp:attachment":[{"href":"https:\/\/www.meccanicasbarzaglia.com\/de\/wp-json\/wp\/v2\/media?parent=9004"}],"curies":[{"name":"wp","href":"https:\/\/api.w.org\/{rel}","templated":true}]}}