{"id":8958,"date":"2016-09-28T20:34:46","date_gmt":"2016-09-28T18:34:46","guid":{"rendered":"http:\/\/meccanictf.cluster011.ovh.net\/?page_id=8958"},"modified":"2024-04-15T10:04:42","modified_gmt":"2024-04-15T08:04:42","slug":"maschinenpark","status":"publish","type":"page","link":"https:\/\/www.meccanicasbarzaglia.com\/de\/maschinenpark\/","title":{"rendered":"Maschinenpark"},"content":{"rendered":"<div class=\"wpb-content-wrapper\"><p>[vc_row type=&#8220;full-width-section&#8220; css=&#8220;.vc_custom_1468422852141{padding-right: 10px !important;background-image: url(https:\/\/www.meccanicasbarzaglia.com\/wp-content\/uploads\/2015\/12\/slider_parcomacchine1400x500.png?id=8798) !important;background-position: center !important;background-repeat: no-repeat !important;background-size: contain !important;}&#8220;][vc_column width=&#8220;1\/3&#8243;][\/vc_column][vc_column width=&#8220;1\/3&#8243;][\/vc_column][vc_column width=&#8220;1\/3&#8243; css=&#8220;.vc_custom_1465912781683{background-color: rgba(0,0,0,0.5) !important;*background-color: rgb(0,0,0) !important;}&#8220;][vc_column_text css=&#8220;.vc_custom_1475087658515{padding-top: 20px !important;padding-right: 20px !important;padding-bottom: 20px !important;padding-left: 20px !important;}&#8220;]<\/p>\n<p style=\"font-size: 14px; font-weight: 400; line-height: 20px; text-align: left;\"><span style=\"color: #ebebeb;\"><br \/>\nHIGH-TECH WERKSTOFFE,<br \/>\nDIE WIR VERARBEITEN<br \/>\n<\/span><br \/>\n<span style=\"color: #ebebeb;\">\u2022 Titanlegierungen<\/span><br \/>\n<span style=\"color: #ebebeb;\">\u2022 Spezialst\u00e4hle <\/span><br \/>\n<span style=\"color: #ebebeb;\">\u2022 Aluminiumlegierungen <\/span><br \/>\n<span style=\"color: #ebebeb;\">\u2022 Magnesium und Kupfer<\/span><br \/>\n<span style=\"color: #ebebeb;\">\u2022 Superlegierungen<\/span><br \/>\n<span style=\"color: #ebebeb;\">\u2022 Polymere und Harze<\/span><br \/>\n<span style=\"color: #ebebeb;\">\u2022 Verbundwerkstoffe<\/span><\/p>\n<p>[\/vc_column_text][\/vc_column][\/vc_row][vc_row css=&#8220;.vc_custom_1455717810298{padding-right: 20px !important;padding-left: 20px !important;}&#8220;][vc_column][vc_column_text css=&#8220;.vc_custom_1475086989899{margin-bottom: 10px !important;border-bottom-width: 0px !important;padding-bottom: 0px !important;}&#8220;]<\/p>\n<h3>DER MASCHINENPARK<\/h3>\n<p>[\/vc_column_text][vc_column_text css=&#8220;.vc_custom_1475087047639{margin-top: 0px !important;border-top-width: 0px !important;padding-top: 0px !important;padding-bottom: 40px !important;}&#8220;]<\/p>\n<p style=\"text-align: justify; font-size: 14px; font-weight: 400; line-height: 20px;\">Um p\u00fcnktliche und ma\u00dfgeschneiderte Lieferungen zu gew\u00e4hrleisten ist ein hochqualitativer Maschinenpark genauso wichtig wie die Interaktion mit zuverl\u00e4ssigen Mitarbeitern.<br \/>\n<strong>Fortschrittliche Technik<\/strong>, <strong>h\u00f6chste Pr\u00e4zision<\/strong>, <strong>Vielseitigkeit und schnelle Leistung<\/strong> sind die Kriterien bei der Auswahl unserer Maschinen. Wir verf\u00fcgen \u00fcber Maschinen der besten Marken.<br \/>\nUnsere Bearbeitungszentren sind einem regelm\u00e4\u00dfigen Wartungsprogramm unterzogen.<\/p>\n<p>[\/vc_column_text][\/vc_column][\/vc_row][vc_row css=&#8220;.vc_custom_1455717893290{padding-right: 20px !important;padding-left: 20px !important;}&#8220;][vc_column][vc_tabs interval=&#8220;0&#8243;][vc_tab title=&#8220;DIE FEINMECHANISCHE ABTEILUNG&#8220; tab_id=&#8220;9d0d9c2f-4633-10&#8243;][vc_raw_html]JTNDdGFibGUlMjBjbGFzcyUzRCUyMnJlc3BvbnNpdmUlMjBkZXUlMjIlM0UlMEElMjAlMjAlM0N0aGVhZCUzRSUwQSUwOSUzQ3RyJTNFJTBBJTIwJTIwJTIwJTIwJTNDdGglMjBhbGlnbiUzRCUyMmxlZnQlMjIlM0VNQVNDSElORSUzQyUyRnRoJTNFJTBBJTIwJTIwJTIwJTIwJTNDdGglM0VQQUxMRVQlM0MlMkZ0aCUzRSUwQSUyMCUyMCUyMCUyMCUzQ3RoJTNFV0VSS1pFVUdFJTNDJTJGdGglM0UlMEElMjAlMjAlMjAlMjAlM0N0aCUzRVgtYWNoc2UlM0MlMkZ0aCUzRSUwQSUyMCUyMCUyMCUyMCUzQ3RoJTNFWS1hY2hzZSUzQyUyRnRoJTNFJTBBJTIwJTIwJTIwJTIwJTNDdGglM0VaLWFjaHNlJTNDJTJGdGglM0UlMEElMDklM0MlMkZ0ciUzRSUwOSUwQSUzQyUyRnRoZWFkJTNFJTBBJTBBJTNDdGJvZHklM0UlMEElMjAlMjAlM0N0ciUzRSUwQSUyMCUyMCUyMCUyMCUzQ3RkJTIwYWxpZ24lM0QlMjJsZWZ0JTIyJTNFSEVSTUxFJTIwQzQyJTIwVSUyMCUzQyUyRnRkJTNFJTBBJTIwJTIwJTIwJTIwJTNDdGQlM0UxMiUzQyUyRnRkJTNFJTBBJTIwJTIwJTIwJTIwJTNDdGQlM0UyNTglM0MlMkZ0ZCUzRSUwQSUyMCUyMCUyMCUyMCUzQ3RkJTNFODAwJTNDJTJGdGQlM0UlMEElMjAlMjAlMjAlMjAlM0N0ZCUzRTgwMCUzQyUyRnRkJTNFJTBBJTIwJTIwJTIwJTIwJTNDdGQlM0U1NTAlM0MlMkZ0ZCUzRSUwQSUyMCUyMCUzQyUyRnRyJTNFJTBBJTIwJTIwJTIwJTIwJTNDdGQlMjBhbGlnbiUzRCUyMmxlZnQlMjIlM0VETUclMjBETVU2NSUyMCUyMCUyMCUyME1vbm9CbG9jayUzQyUyRnRkJTNFJTBBJTIwJTIwJTIwJTIwJTNDdGQlM0UxMCUzQyUyRnRkJTNFJTBBJTIwJTIwJTIwJTIwJTNDdGQlM0U5MCUzQyUyRnRkJTNFJTBBJTIwJTIwJTIwJTIwJTNDdGQlM0U3MzUlM0MlMkZ0ZCUzRSUwQSUyMCUyMCUyMCUyMCUzQ3RkJTNFNjUwJTNDJTJGdGQlM0UlMEElMjAlMjAlMjAlMjAlM0N0ZCUzRTU2MCUzQyUyRnRkJTNFJTBBJTIwJTIwJTNDJTJGdHIlM0UlMEElMjAlMjAlM0N0ciUzRSUwQSUyMCUyMCUyMCUyMCUzQ3RkJTIwYWxpZ24lM0QlMjJsZWZ0JTIyJTNFSEVSTUxFJTIwQzIyJTIwVSUzQyUyRnRkJTNFJTBBJTIwJTIwJTIwJTIwJTNDdGQlM0UxOCUzQyUyRnRkJTNFJTBBJTIwJTIwJTIwJTIwJTNDdGQlM0UyNTAlM0MlMkZ0ZCUzRSUwQSUyMCUyMCUyMCUyMCUzQ3RkJTNFNDUwJTNDJTJGdGQlM0UlMEElMjAlMjAlMjAlMjAlM0N0ZCUzRTYwMCUzQyUyRnRkJTNFJTBBJTIwJTIwJTIwJTIwJTNDdGQlM0UzMzAlM0MlMkZ0ZCUzRSUwQSUyMCUyMCUzQyUyRnRyJTNFJTBBJTIwJTIwJTIwJTNDdHIlM0UlMEElMjAlMjAlMjAlMjAlM0N0ZCUyMGFsaWduJTNEJTIybGVmdCUyMiUzRURNRyUyMENUWCUyMEJldGElMjAlMjAlMjAlMjA4MDAlM0MlMkZ0ZCUzRSUwQSUyMCUyMCUyMCUyMCUzQ3RkJTNFJTI2bmJzcCUzQiUzQyUyRnRkJTNFJTBBJTIwJTIwJTIwJTIwJTNDdGQlM0UxMiUzQyUyRnRkJTNFJTBBJTIwJTIwJTIwJTIwJTNDdGQlM0UzMDAlM0MlMkZ0ZCUzRSUwQSUyMCUyMCUyMCUyMCUzQ3RkJTNFNjAlM0MlMkZ0ZCUzRSUwQSUyMCUyMCUyMCUyMCUzQ3RkJTNFODUwJTNDJTJGdGQlM0UlMEElMjAlMjAlM0MlMkZ0ciUzRSUwQSUyMCUyMCUzQ3RyJTNFJTBBJTIwJTIwJTIwJTIwJTNDdGQlMjBhbGlnbiUzRCUyMmxlZnQlMjIlM0VNQVpBSyUyMFZUQyUyMCUyMCUyMCUyMDMwMEMlQzIlQTAlM0MlMkZ0ZCUzRSUwQSUyMCUyMCUyMCUyMCUzQ3RkJTNFJTI2bmJzcCUzQiUzQyUyRnRkJTNFJTBBJTIwJTIwJTIwJTIwJTNDdGQlM0UzMCUzQyUyRnRkJTNFJTBBJTIwJTIwJTIwJTIwJTNDdGQlM0UxNzQwJTNDJTJGdGQlM0UlMEElMjAlMjAlMjAlMjAlM0N0ZCUzRTc2MCUzQyUyRnRkJTNFJTBBJTIwJTIwJTIwJTIwJTNDdGQlM0U2NjAlM0MlMkZ0ZCUzRSUwQSUyMCUyMCUzQyUyRnRyJTNFJTBBJTIwJTIwJTNDdHIlM0UlMEElMjAlMjAlMjAlMjAlM0N0ZCUyMGFsaWduJTNEJTIybGVmdCUyMiUzRVNJR01BJTIwTUlTU0lPTiUyMCUyMCUyMCUyMDIlM0MlMkZ0ZCUzRSUwQSUyMCUyMCUyMCUyMCUzQ3RkJTNFJTI2bmJzcCUzQiUzQyUyRnRkJTNFJTBBJTIwJTIwJTIwJTIwJTNDdGQlM0UxNiUzQyUyRnRkJTNFJTBBJTIwJTIwJTIwJTIwJTNDdGQlM0U3NTAlM0MlMkZ0ZCUzRSUwQSUyMCUyMCUyMCUyMCUzQ3RkJTNFNDAwJTNDJTJGdGQlM0UlMEElMjAlMjAlMjAlMjAlM0N0ZCUzRTQ1MCUzQyUyRnRkJTNFJTBBJTIwJTIwJTNDJTJGdHIlM0UlMEElMjAlMjAlMjAlM0N0ciUzRSUwQSUyMCUyMCUyMCUyMCUzQ3RkJTIwYWxpZ24lM0QlMjJsZWZ0JTIyJTNFRkFWUkVUVE8lMjAlMjAlMjAlMjBNQi0xMDAlM0MlMkZ0ZCUzRSUwQSUyMCUyMCUyMCUyMCUzQ3RkJTNFJTI2bmJzcCUzQiUzQyUyRnRkJTNFJTBBJTIwJTIwJTIwJTIwJTNDdGQlM0UlMjZuYnNwJTNCJTNDJTJGdGQlM0UlMEElMjAlMjAlMjAlMjAlM0N0ZCUzRTEyMDAlM0MlMkZ0ZCUzRSUwQSUyMCUyMCUyMCUyMCUzQ3RkJTNFNjAwJTNDJTJGdGQlM0UlMEElMjAlMjAlMjAlMjAlM0N0ZCUzRTU1MCUzQyUyRnRkJTNFJTBBJTIwJTIwJTNDJTJGdHIlM0UlMEElMjAlMjAlM0N0ciUzRSUwQSUyMCUyMCUyMCUyMCUzQ3RkJTIwYWxpZ24lM0QlMjJsZWZ0JTIyJTNFRnVua2VuZXJvZGllcmVuJTNDJTJGdGQlM0UlMEElMjAlMjAlMjAlMjAlM0N0ZCUzRSUyNm5ic3AlM0IlM0MlMkZ0ZCUzRSUwQSUyMCUyMCUyMCUyMCUzQ3RkJTNFJTI2bmJzcCUzQiUzQyUyRnRkJTNFJTBBJTIwJTIwJTIwJTIwJTNDdGQlM0UlMjZuYnNwJTNCJTNDJTJGdGQlM0UlMEElMjAlMjAlMjAlMjAlM0N0ZCUzRSUyNm5ic3AlM0IlM0MlMkZ0ZCUzRSUwQSUyMCUyMCUyMCUyMCUzQ3RkJTNFJTI2bmJzcCUzQiUzQyUyRnRkJTNFJTBBJTIwJTIwJTNDJTJGdHIlM0UlMEElMjAlMjAlM0N0ciUzRSUwQSUyMCUyMCUyMCUyMCUzQ3RkJTIwYWxpZ24lM0QlMjJsZWZ0JTIyJTNFVHJhZGl0aW9uZWxsZSUyME1hc2NoaW5lbiUzQyUyRnRkJTNFJTBBJTIwJTIwJTIwJTIwJTNDdGQlM0UlMjZuYnNwJTNCJTNDJTJGdGQlM0UlMEElMjAlMjAlMjAlMjAlM0N0ZCUzRSUyNm5ic3AlM0IlM0MlMkZ0ZCUzRSUwQSUyMCUyMCUyMCUyMCUzQ3RkJTNFJTI2bmJzcCUzQiUzQyUyRnRkJTNFJTBBJTIwJTIwJTIwJTIwJTNDdGQlM0UlMjZuYnNwJTNCJTNDJTJGdGQlM0UlMEElMjAlMjAlMjAlMjAlM0N0ZCUzRSUyNm5ic3AlM0IlM0MlMkZ0ZCUzRSUwQSUyMCUyMCUzQyUyRnRyJTNFJTBBJTIwJTIwJTNDJTJGdGJvZHklM0UlMEElM0MlMkZ0YWJsZSUzRQ==[\/vc_raw_html][\/vc_tab][vc_tab title=&#8220;DIE BEARBEITUNG VON VERBUNDWERKSTOFFEN&#8220; tab_id=&#8220;e71bd01e-12a2-0&#8243;][vc_single_image image=&#8220;8862&#8243; img_size=&#8220;full&#8220; alignment=&#8220;center&#8220;][vc_raw_html]JTNDdGFibGUlMjBjbGFzcyUzRCUyMnJlc3BvbnNpdmUlMjBkZXUlMjIlM0UlMEElMjAlMjAlM0N0aGVhZCUzRSUwQSUyMCUyMCUyMCUyMCUzQ3RyJTNFJTBBJTIwJTIwJTIwJTIwJTIwJTIwJTNDdGglMjBhbGlnbiUzRCUyMmxlZnQlMjIlM0VNQVNDSElORSUzQyUyRnRoJTNFJTBBJTIwJTIwJTIwJTIwJTIwJTIwJTNDdGglM0VXRVJLWkVVR0UlM0MlMkZ0aCUzRSUwQSUyMCUyMCUyMCUyMCUyMCUyMCUzQ3RoJTNFWC1hY2hzZSUzQyUyRnRoJTNFJTBBJTIwJTIwJTIwJTIwJTIwJTIwJTNDdGglM0VZLWFjaHNlJTNDJTJGdGglM0UlMEElMjAlMjAlMjAlMjAlMjAlMjAlM0N0aCUzRVotYWNoc2UlM0MlMkZ0aCUzRSUwQSUyMCUyMCUyMCUyMCUzQyUyRnRyJTNFJTBBJTIwJTIwJTNDJTJGdGhlYWQlM0UlMEElMjAlMjAlM0N0Ym9keSUzRSUwQSUyMCUyMCUyMCUyMCUzQ3RyJTNFJTBBJTIwJTIwJTIwJTIwJTIwJTIwJTNDdGQlM0VCRUxPVFRJJTIwJTIwJTIwJTIwRkxBNjUyNiUzQyUyRnRkJTNFJTBBJTIwJTIwJTIwJTIwJTIwJTIwJTNDdGQlM0U0OCUzQyUyRnRkJTNFJTBBJTIwJTIwJTIwJTIwJTIwJTIwJTNDdGQlM0U2NTAwJTNDJTJGdGQlM0UlMEElMjAlMjAlMjAlMjAlMjAlMjAlM0N0ZCUzRTI2MDAlM0MlMkZ0ZCUzRSUwQSUyMCUyMCUyMCUyMCUyMCUyMCUzQ3RkJTNFODAwJTNDJTJGdGQlM0UlMEElMjAlMjAlMjAlMjAlM0MlMkZ0ciUzRSUwQSUyMCUyMCUyMCUyMCUzQ3RyJTNFJTBBJTIwJTIwJTIwJTIwJTIwJTIwJTNDdGQlM0VCRUxPVFRJJTIwJTIwJTIwJTIwRkxVMjYxNyUzQyUyRnRkJTNFJTBBJTIwJTIwJTIwJTIwJTIwJTIwJTNDdGQlM0U4JTNDJTJGdGQlM0UlMEElMjAlMjAlMjAlMjAlMjAlMjAlM0N0ZCUzRTI2MDAlM0MlMkZ0ZCUzRSUwQSUyMCUyMCUyMCUyMCUyMCUyMCUzQ3RkJTNFMTcwMCUzQyUyRnRkJTNFJTBBJTIwJTIwJTIwJTIwJTIwJTIwJTNDdGQlM0U5MDAlM0MlMkZ0ZCUzRSUwQSUyMCUyMCUyMCUyMCUzQyUyRnRyJTNFJTBBJTIwJTIwJTNDJTJGdGJvZHklM0UlMEElM0MlMkZ0YWJsZSUzRQ==[\/vc_raw_html][\/vc_tab][vc_tab title=&#8220;DAS MESSLABOR&#8220; tab_id=&#8220;1455667505614-2-1&#8243;][vc_single_image image=&#8220;9102&#8243; img_size=&#8220;full&#8220; alignment=&#8220;center&#8220;][vc_raw_html]JTNDdGFibGUlMjBjbGFzcyUzRCUyMnJlc3BvbnNpdmUlMjBkZXUlMjIlM0UlMEElMjAlMjAlM0N0aGVhZCUzRSUwQSUyMCUyMCUyMCUyMCUzQ3RyJTNFJTBBJTIwJTIwJTIwJTIwJTIwJTIwJTNDdGglMjBhbGlnbiUzRCUyMmxlZnQlMjIlM0VNQVNDSElORSUzQyUyRnRoJTNFJTBBJTIwJTIwJTIwJTIwJTIwJTIwJTNDdGglM0VYLWFjaHNlJTNDJTJGdGglM0UlMEElMjAlMjAlMjAlMjAlMjAlMjAlM0N0aCUzRVktYWNoc2UlM0MlMkZ0aCUzRSUwQSUyMCUyMCUyMCUyMCUyMCUyMCUzQ3RoJTNFWi1hY2hzZSUzQyUyRnRoJTNFJTBBJTIwJTIwJTIwJTIwJTNDJTJGdHIlM0UlMEElMjAlMjAlM0MlMkZ0aGVhZCUzRSUwQSUyMCUyMCUzQ3Rib2R5JTNFJTBBJTIwJTIwJTIwJTIwJTNDdHIlM0UlMEElMjAlMjAlMjAlMjAlMjAlMjAlM0N0ZCUzRVpFSVNTJTIwJTIwJTIwJTIwQUNDVVJBJTIwSUklM0MlMkZ0ZCUzRSUwQSUyMCUyMCUyMCUyMCUyMCUyMCUzQ3RkJTNFOTAwJTNDJTJGdGQlM0UlMEElMjAlMjAlMjAlMjAlMjAlMjAlM0N0ZCUzRTE2MDAlM0MlMkZ0ZCUzRSUwQSUyMCUyMCUyMCUyMCUyMCUyMCUzQ3RkJTNFODAwJTNDJTJGdGQlM0UlMEElMjAlMjAlMjAlMjAlM0MlMkZ0ciUzRSUwQSUyMCUyMCUyMCUyMCUzQ3RyJTNFJTBBJTIwJTIwJTIwJTIwJTIwJTIwJTNDdGQlM0VGQVJPJTIwJTIwJTIwJTIwU0NBTiUyMEFSTSUyMEVER0UlMjA3JTIwQVNTSSUyMDIlMkM3bSUzQyUyRnRkJTNFJTBBJTIwJTIwJTIwJTIwJTIwJTIwJTNDdGQlM0UlMjZuYnNwJTNCJTNDJTJGdGQlM0UlMEElMjAlMjAlMjAlMjAlMjAlMjAlM0N0ZCUzRSUyNm5ic3AlM0IlM0MlMkZ0ZCUzRSUwQSUyMCUyMCUyMCUyMCUyMCUyMCUzQ3RkJTNFJTI2bmJzcCUzQiUzQyUyRnRkJTNFJTBBJTIwJTIwJTIwJTIwJTNDJTJGdHIlM0UlMEElMjAlMjAlMjAlMjAlM0N0ciUzRSUwQSUyMCUyMCUyMCUyMCUyMCUyMCUzQ3RkJTNFUHIlQzMlQkNmc3RhbmRzaW5zdHJ1bWVudGllcnVuZyUyMCUyOCUyNnF1b3QlM0JJbnNwZWN0aW9uJTI2cXVvdCUzQiUyMFNvZnR3YXJlJTI5JTNDJTJGdGQlM0UlMEElMjAlMjAlMjAlMjAlMjAlMjAlM0N0ZCUzRSUyNm5ic3AlM0IlM0MlMkZ0ZCUzRSUwQSUyMCUyMCUyMCUyMCUyMCUyMCUzQ3RkJTNFJTI2bmJzcCUzQiUzQyUyRnRkJTNFJTBBJTIwJTIwJTIwJTIwJTIwJTIwJTNDdGQlM0UlMjZuYnNwJTNCJTNDJTJGdGQlM0UlMEElMjAlMjAlMjAlMjAlM0MlMkZ0ciUzRSUwQSUyMCUyMCUzQyUyRnRib2R5JTNFJTBBJTNDJTJGdGFibGUlM0U=[\/vc_raw_html][\/vc_tab][\/vc_tabs][\/vc_column][\/vc_row][vc_row][vc_column][vc_column_text]<\/p>\n<p>[\/vc_column_text][\/vc_column][\/vc_row][vc_row type=&#8220;full-width-section&#8220; css=&#8220;.vc_custom_1478778722814{margin-bottom: 0px !important;border-top-width: 2px !important;padding-top: 5px !important;background-color: #000000 !important;background-position: center !important;background-repeat: no-repeat !important;background-size: cover !important;}&#8220;][vc_column width=&#8220;2\/3&#8243;][vc_column_text css=&#8220;.vc_custom_1706168556224{padding-top: 18px !important;}&#8220;]<\/p>\n<p style=\"font-size: 12px; font-weight: 300; line-height: 14px; text-align: right;\"><span style=\"color: #ededed;\"><strong>MECCANICA SBARZAGLIA di Sbarzaglia Giovanni &amp; C. s.n.c.\u00a0<\/strong> via Sali, 8\u00a0 48018 Faenza (RA) Italy\u00a0 \u00a0\u00a0 <strong>tel<\/strong>: (+39) 0546 620047\u00a0\u00a0\u00a0 <strong>fax<\/strong>: (+39) 0546 621492<br \/>\n<\/span><\/p>\n<p>[\/vc_column_text][\/vc_column][vc_column width=&#8220;1\/3&#8243;]<style type=\"text\/css\" >#b_ttcgzadohnftca2tdp3n a{color:#ededed; background:; margin-top:0px; margin-bottom:0px;  margin-left:0px; margin-right:0px; font-weight:300; border-radius:0px;}#b_ttcgzadohnftca2tdp3n a:hover{color:#dd3333 ; background: ;}<\/style><div class=\"ta_center tf_btn_pos\" id=\"b_ttcgzadohnftca2tdp3n\" ><a class=\"rd_normal_bt smallmedium_rd_bt bt_icon_left   \" href=\"mailto:info@meccanicasbarzaglia.com\" target=\"\"   ><i class=\"zo-email\" ><\/i><span>kontaktieren Sie uns<\/span><\/a><\/div><style type=\"text\/css\" >#b_ttcgzadohnftca2tdp3n i {color:#ededed;}#b_ttcgzadohnftca2tdp3n a:hover i{color:#dd3333;}<\/style><style type='text\/css'> @font-face{font-family: 'zo'; src:url('https:\/\/www.meccanicasbarzaglia.com\/wp-content\/themes\/thefox\/includes\/4k-icons\/icons\/4k-icons-pack05\/icons\/fonts\/zo.eot'); src:url('https:\/\/www.meccanicasbarzaglia.com\/wp-content\/themes\/thefox\/includes\/4k-icons\/icons\/4k-icons-pack05\/icons\/fonts\/zo.eot?#iefix') format('embedded-opentype'), url('https:\/\/www.meccanicasbarzaglia.com\/wp-content\/themes\/thefox\/includes\/4k-icons\/icons\/4k-icons-pack05\/icons\/fonts\/zo.woff') format('woff'), url('https:\/\/www.meccanicasbarzaglia.com\/wp-content\/themes\/thefox\/includes\/4k-icons\/icons\/4k-icons-pack05\/icons\/fonts\/zo.ttf') format('truetype'), url('https:\/\/www.meccanicasbarzaglia.com\/wp-content\/themes\/thefox\/includes\/4k-icons\/icons\/4k-icons-pack05\/icons\/fonts\/zo.svg#oi') format('svg'); font-weight: normal; font-style: normal;}#b_ttcgzadohnftca2tdp3n .zo-email:before{font-family: 'zo'; font-weight: normal; font-style: normal;}#b_ttcgzadohnftca2tdp3n .zo-email:before{content: \"\\e836\";}<\/style>\n[\/vc_column][\/vc_row][vc_row type=&#8220;full-width-section&#8220; css=&#8220;.vc_custom_1463351626064{margin-bottom: 0px !important;background-color: #000000 !important;background-position: center !important;background-repeat: no-repeat !important;background-size: cover !important;}&#8220;][vc_column][vc_column_text css=&#8220;.vc_custom_1706168581835{padding-top: 5px !important;padding-bottom: 18px !important;}&#8220;]<\/p>\n<p style=\"font-size: 12px; font-weight: 400; line-height: 15px; text-align: center;\"><span style=\"color: #ffffff;\">Copyright 2017 &#8211; MECCANICA SBARZAGLIA .di Sbarzaglia Giovanni &amp; C. s.n.c. &#8211; Cod. Fisc. e P.IVA 00996240396 &#8211; Capitale Sociale \u20ac 70.000,00 i.v. | All Rights Reserved | <\/span><a href=\"https:\/\/www.meccanicasbarzaglia.com\/privacy-e-cookies-policy\/\" target=\"_blank\" rel=\"noopener\"><span style=\"color: #ffffff;\">Cookie Policy<\/span><\/a><\/p>\n<p>[\/vc_column_text][\/vc_column][\/vc_row]<\/p>\n<\/div>","protected":false},"excerpt":{"rendered":"<p>[vc_row type=&#8220;full-width-section&#8220; css=&#8220;.vc_custom_1468422852141{padding-right: 10px !important;background-image: url(https:\/\/www.meccanicasbarzaglia.com\/wp-content\/uploads\/2015\/12\/slider_parcomacchine1400x500.png?id=8798) !important;background-position: center !important;background-repeat: no-repeat !important;background-size: contain !important;}&#8220;][vc_column width=&#8220;1\/3&#8243;][\/vc_column][vc_column width=&#8220;1\/3&#8243;][\/vc_column][vc_column width=&#8220;1\/3&#8243; css=&#8220;.vc_custom_1465912781683{background-color: rgba(0,0,0,0.5) !important;*background-color: rgb(0,0,0) !important;}&#8220;][vc_column_text css=&#8220;.vc_custom_1475087658515{padding-top: 20px !important;padding-right: 20px !important;padding-bottom: 20px !important;padding-left: 20px !important;}&#8220;] HIGH-TECH WERKSTOFFE, DIE WIR VERARBEITEN \u2022 Titanlegierungen \u2022 Spezialst\u00e4hle \u2022 Aluminiumlegierungen \u2022 Magnesium und Kupfer \u2022 Superlegierungen \u2022 Polymere und Harze \u2022 Verbundwerkstoffe [\/vc_column_text][\/vc_column][\/vc_row][vc_row css=&#8220;.vc_custom_1455717810298{padding-right:<br \/><a href=\"https:\/\/www.meccanicasbarzaglia.com\/de\/maschinenpark\/\" class=\"more\">Read more<\/a><\/p>\n","protected":false},"author":2,"featured_media":0,"parent":0,"menu_order":14,"comment_status":"closed","ping_status":"closed","template":"","meta":{"footnotes":""},"class_list":["post-8958","page","type-page","status-publish","hentry"],"_links":{"self":[{"href":"https:\/\/www.meccanicasbarzaglia.com\/de\/wp-json\/wp\/v2\/pages\/8958","targetHints":{"allow":["GET"]}}],"collection":[{"href":"https:\/\/www.meccanicasbarzaglia.com\/de\/wp-json\/wp\/v2\/pages"}],"about":[{"href":"https:\/\/www.meccanicasbarzaglia.com\/de\/wp-json\/wp\/v2\/types\/page"}],"author":[{"embeddable":true,"href":"https:\/\/www.meccanicasbarzaglia.com\/de\/wp-json\/wp\/v2\/users\/2"}],"replies":[{"embeddable":true,"href":"https:\/\/www.meccanicasbarzaglia.com\/de\/wp-json\/wp\/v2\/comments?post=8958"}],"version-history":[{"count":18,"href":"https:\/\/www.meccanicasbarzaglia.com\/de\/wp-json\/wp\/v2\/pages\/8958\/revisions"}],"predecessor-version":[{"id":9736,"href":"https:\/\/www.meccanicasbarzaglia.com\/de\/wp-json\/wp\/v2\/pages\/8958\/revisions\/9736"}],"wp:attachment":[{"href":"https:\/\/www.meccanicasbarzaglia.com\/de\/wp-json\/wp\/v2\/media?parent=8958"}],"curies":[{"name":"wp","href":"https:\/\/api.w.org\/{rel}","templated":true}]}}