{"id":8927,"date":"2016-09-28T20:19:49","date_gmt":"2016-09-28T18:19:49","guid":{"rendered":"http:\/\/meccanictf.cluster011.ovh.net\/?page_id=8927"},"modified":"2025-11-25T15:32:31","modified_gmt":"2025-11-25T14:32:31","slug":"fachkenntnisse","status":"publish","type":"page","link":"https:\/\/www.meccanicasbarzaglia.com\/de\/fachkenntnisse\/","title":{"rendered":"Fachkenntnisse"},"content":{"rendered":"<div class=\"wpb-content-wrapper\"><p>[vc_row type=&#8220;full-width-section&#8220; parallax_background=&#8220;&#8220; css=&#8220;.vc_custom_1463395376393{background-image: url(https:\/\/www.meccanicasbarzaglia.com\/wp-content\/uploads\/2015\/12\/Slider-collage-finale.jpg?id=8706) !important;background-position: center !important;background-repeat: no-repeat !important;background-size: cover !important;}&#8220;][vc_column width=&#8220;1\/3&#8243;][\/vc_column][vc_column width=&#8220;1\/3&#8243;][\/vc_column][vc_column width=&#8220;1\/3&#8243; css=&#8220;.vc_custom_1465912246476{background-color: rgba(30,115,190,0.7) !important;*background-color: rgb(30,115,190) !important;}&#8220;][vc_column_text css=&#8220;.vc_custom_1475078644905{padding-top: 20px !important;padding-right: 20px !important;padding-bottom: 20px !important;padding-left: 20px !important;}&#8220;]<\/p>\n<p style=\"font-size: 14px; font-weight: 400; line-height: 20px; text-align: left;\"><span style=\"color: #ebebeb;\">MIT UNSEREM VIELSEITIGEN KNOW-HOW SIND WIR IN DER LAGE, DIE TECHNISCHEN BED\u00dcRFNISSE DER FORTSCHRITTLICHSTEN SEKTOREN ZU ERF\u00dcLLEN<br \/>\n<\/span><br \/>\n<span style=\"color: #ebebeb;\">\u2022 Packaging <\/span><br \/>\n<span style=\"color: #ebebeb;\">\u2022 Automotive<\/span><br \/>\n<span style=\"color: #ebebeb;\">\u2022 Medizintechnik<\/span><br \/>\n<span style=\"color: #ebebeb;\">\u2022 Luft- und Raumfahrt<\/span><br \/>\n<span style=\"color: #ebebeb;\">\u2022 Schiffsbau<\/span><br \/>\n<span style=\"color: #ebebeb;\">\u2022 erneuerbare Energien<\/span><\/p>\n<p>[\/vc_column_text][\/vc_column][\/vc_row][vc_row parallax_background=&#8220;&#8220; css=&#8220;.vc_custom_1463399655956{margin-left: 0px !important;border-left-width: 0px !important;padding-left: 0px !important;}&#8220;][vc_column css=&#8220;.vc_custom_1463399705352{padding-left: 20px !important;}&#8220;][vc_column_text css=&#8220;.vc_custom_1475078713416{margin-bottom: 10px !important;}&#8220;]<\/p>\n<h3>DER HAUPTSITZ<\/h3>\n<p>[\/vc_column_text][vc_column_text css=&#8220;.vc_custom_1475082546027{margin-top: 0px !important;}&#8220;]<\/p>\n<p style=\"text-align: justify; font-size: 14px; font-weight: 400; line-height: 20px;\">Unser Hauptsitz befindet sich in Faenza (RA) und hat eine Fl\u00e4che von 5.000 qm (mit einer Halle von 3.500 qm).<br \/>\nWir haben f\u00fcnf Abteilungen mit eigenen Spezialisierungen, die gemeinsam arbeiten, um strukturierte Projekte zu bieten.<\/p>\n<p>[\/vc_column_text][\/vc_column][\/vc_row][vc_row parallax_background=&#8220;&#8220; parallax_type=&#8220;&#8220;][vc_column css=&#8220;.vc_custom_1455028682839{padding-right: 20px !important;padding-left: 20px !important;}&#8220;][vc_tabs interval=&#8220;0&#8243; type=&#8220;rd_tab_1&#8243;][vc_tab title=&#8220;VERBUNDWERKSTOFFEN&#8220; tab_id=&#8220;c5e611f7-fe8c-10&#8243;][vc_column_text css=&#8220;.vc_custom_1475081159002{padding-bottom: 40px !important;}&#8220;]<img loading=\"lazy\" decoding=\"async\" class=\" wp-image-8707 size-medium alignleft\" src=\"https:\/\/www.meccanicasbarzaglia.com\/wp-content\/uploads\/2015\/12\/carbonio-600x600-300x300.png\" alt=\"\" width=\"300\" height=\"300\" srcset=\"https:\/\/www.meccanicasbarzaglia.com\/wp-content\/uploads\/2015\/12\/carbonio-600x600-300x300.png 300w, https:\/\/www.meccanicasbarzaglia.com\/wp-content\/uploads\/2015\/12\/carbonio-600x600-150x150.png 150w, https:\/\/www.meccanicasbarzaglia.com\/wp-content\/uploads\/2015\/12\/carbonio-600x600-768x768.png 768w, https:\/\/www.meccanicasbarzaglia.com\/wp-content\/uploads\/2015\/12\/carbonio-600x600-570x570.png 570w, https:\/\/www.meccanicasbarzaglia.com\/wp-content\/uploads\/2015\/12\/carbonio-600x600.png 600w\" sizes=\"auto, (max-width: 300px) 100vw, 300px\" \/><\/p>\n<h3>Fl\u00e4che = 1.000 qm<\/h3>\n<p style=\"text-align: justify; font-size: 14px; font-weight: 400; line-height: 20px;\">Die Abteilung f\u00fcr die Bearbeitung von Verbundwerkstoffen wurde 2013 gegr\u00fcndet und arbeitet in drei Schichten, um innerhalb eines Tages Lieferungen an f\u00fchrende Kunden im Luft- und Raumfahrt-, Automotive- und Motorsportsektor zu leisten. Die Abteilung verf\u00fcgt \u00fcber zwei Belotti 5-Achsen-Bearbeitungszentren f\u00fcr die Bearbeitung von <strong>Verbundwerkstoffen, Polymeren und Harzen<\/strong>. Die Bearbeitungszentren sind mit einer modernen Absaug- und Staubunterdr\u00fcckungsanlage ausgestattet.<br \/>\n<strong>Bearbeitung<\/strong>, <strong>Veredelung<\/strong>, <strong>Wegschneiden<\/strong>, <strong>Lackierung und strukturelles Kleben<\/strong> von Produkten oder Komponenten komplexer Baugruppen f\u00fcr High-End-Anwendungen sind das Kerngesch\u00e4ft der Abteilung.<br \/>\nDie Abteilung arbeitet in der Regel mit mehrj\u00e4hrigen Liefervertr\u00e4gen und unterst\u00fctzt die Serienfertigung sowie die Fertigung von Prototypen f\u00fcr die feinmechanische Abteilung, wobei Qualit\u00e4t und \u00fcberschnelle Lieferung die Hauptziele sind.<\/p>\n<p>[\/vc_column_text][\/vc_tab][vc_tab title=&#8220;FEINMECHANISCHE&#8220; tab_id=&#8220;f9235692-b850-3&#8243;][vc_column_text css=&#8220;.vc_custom_1475085555216{padding-bottom: 20px !important;}&#8220;]<img loading=\"lazy\" decoding=\"async\" class=\" wp-image-8708 size-medium alignleft\" src=\"https:\/\/www.meccanicasbarzaglia.com\/wp-content\/uploads\/2015\/12\/Meccanica-di-precisione-600x600-300x300.jpg\" alt=\"Meccanica-di-precisione-600x600\" width=\"300\" height=\"300\" srcset=\"https:\/\/www.meccanicasbarzaglia.com\/wp-content\/uploads\/2015\/12\/Meccanica-di-precisione-600x600-300x300.jpg 300w, https:\/\/www.meccanicasbarzaglia.com\/wp-content\/uploads\/2015\/12\/Meccanica-di-precisione-600x600-150x150.jpg 150w, https:\/\/www.meccanicasbarzaglia.com\/wp-content\/uploads\/2015\/12\/Meccanica-di-precisione-600x600-768x768.jpg 768w, https:\/\/www.meccanicasbarzaglia.com\/wp-content\/uploads\/2015\/12\/Meccanica-di-precisione-600x600-570x570.jpg 570w, https:\/\/www.meccanicasbarzaglia.com\/wp-content\/uploads\/2015\/12\/Meccanica-di-precisione-600x600.jpg 600w\" sizes=\"auto, (max-width: 300px) 100vw, 300px\" \/><\/p>\n<h3>Fl\u00e4che = 2.300 qm<\/h3>\n<p style=\"text-align: justify; font-size: 14px; font-weight: 400; line-height: 20px;\">Feinmechanik ist unser Kerngesch\u00e4ft und z\u00e4hlt die h\u00f6chste Anzahl an Mitarbeitern und Maschinen. Wir produzieren <strong>Fr\u00e4s- und Drehteile als Einzelst\u00fccke oder in kleinen und mittleren Serien<\/strong>: Prototypen, Losgr\u00f6\u00dfe Vorserien, Ersatzteile, Sonderformate, experimentelle St\u00fccke, Gussformen und Formen.<br \/>\nUnsere St\u00e4rken sind Qualit\u00e4t und Genauigkeit unter strikter Einhaltung der Lieferfristen, auch bei dringenden Anfragen. Das ist die Basis unserer erfolgreichen Zusammenarbeit mit der Maschinenbau- (Verpackungsmaschinen und Medizintechnik) und der Werkzeugmaschinenindustrie. Unsere Bearbeitungszentren mit Mehrpaletten-System sind untereinander austauschbar und erm\u00f6glichen die optimale Fertigung von dringenden Prototypen und die gleichzeitige Umsetzung von mehreren Arbeitsverfahren.<br \/>\nInsbesondere das DMG-HERMLE-Bearbeitungszentrum passt sich perfekt den Anspr\u00fcchen der Automobil-und Verpackungsindustrie und dem Motorsport-Sektor an.<\/p>\n<p>[\/vc_column_text][\/vc_tab][vc_tab title=&#8220;MONTAGE&#8220; tab_id=&#8220;1455027637882-2-5&#8243;][vc_column_text css=&#8220;.vc_custom_1764081144890{padding-bottom: 160px !important;}&#8220;]<img loading=\"lazy\" decoding=\"async\" class=\"alignleft wp-image-9802 size-medium\" src=\"https:\/\/www.meccanicasbarzaglia.com\/wp-content\/uploads\/2025\/11\/sfocatura-del-viso-d-300x300.png\" alt=\"\" width=\"300\" height=\"300\" srcset=\"https:\/\/www.meccanicasbarzaglia.com\/wp-content\/uploads\/2025\/11\/sfocatura-del-viso-d-300x300.png 300w, https:\/\/www.meccanicasbarzaglia.com\/wp-content\/uploads\/2025\/11\/sfocatura-del-viso-d-150x150.png 150w, https:\/\/www.meccanicasbarzaglia.com\/wp-content\/uploads\/2025\/11\/sfocatura-del-viso-d-768x768.png 768w, https:\/\/www.meccanicasbarzaglia.com\/wp-content\/uploads\/2025\/11\/sfocatura-del-viso-d-570x570.png 570w, https:\/\/www.meccanicasbarzaglia.com\/wp-content\/uploads\/2025\/11\/sfocatura-del-viso-d.png 1024w\" sizes=\"auto, (max-width: 300px) 100vw, 300px\" \/><\/p>\n<h3>Fl\u00e4che = 200 qm<\/h3>\n<p style=\"text-align: justify; font-size: 14px; font-weight: 400; line-height: 20px;\">Unsere Kunden sind derart von der Qualit\u00e4t unserer feinmechanischen Leistungen \u00fcberzeugt, dass sie uns h\u00e4ufig auch die Montage von Komponenten anvertrauen. Heute sind wir in der Lage, komplette und komplexe Lieferungen unabh\u00e4ngig zu bearbeiten: vom Rohstoffeinkauf bis zur Endkontrolle-Zertifizierung. Wir montieren Baugruppen f\u00fcr Verpackungsmaschinen und Medizintechnik, Werkzeugmaschinenkomponenten und Schl\u00fcsselfertige Maschinen f\u00fcr den Energiesektor.<\/p>\n<p>[\/vc_column_text][\/vc_tab][vc_tab title=&#8220;TECHNISCHE ABTEILUNG&#8220; tab_id=&#8220;1455027675962-3-2&#8243;][vc_column_text css=&#8220;.vc_custom_1485862003692{padding-bottom: 20px !important;}&#8220;]<img loading=\"lazy\" decoding=\"async\" class=\"alignleft wp-image-8709 size-medium\" src=\"https:\/\/www.meccanicasbarzaglia.com\/wp-content\/uploads\/2015\/12\/cadcam300x300-300x300.jpg\" alt=\"cadcam300x300\" width=\"300\" height=\"300\" srcset=\"https:\/\/www.meccanicasbarzaglia.com\/wp-content\/uploads\/2015\/12\/cadcam300x300.jpg 300w, https:\/\/www.meccanicasbarzaglia.com\/wp-content\/uploads\/2015\/12\/cadcam300x300-150x150.jpg 150w, https:\/\/www.meccanicasbarzaglia.com\/wp-content\/uploads\/2015\/12\/cadcam300x300-768x768.jpg 768w, https:\/\/www.meccanicasbarzaglia.com\/wp-content\/uploads\/2015\/12\/cadcam300x300-570x570.jpg 570w\" sizes=\"auto, (max-width: 300px) 100vw, 300px\" \/><\/p>\n<h3>PRODUKTIONSPLANUNG<\/h3>\n<p style=\"text-align: justify; font-size: 14px; font-weight: 400; line-height: 20px;\">Der Leiter dieser Abteilung verf\u00fcgt \u00fcber 20 Jahren Erfahrung in der Produktionsplanung und -optimierung und ist zust\u00e4ndig f\u00fcr die Kontrolle allen Produktionsphasen, schon beim Eingang der Angebotsanfrage.<br \/>\n<img loading=\"lazy\" decoding=\"async\" class=\"alignright wp-image-8770\" src=\"https:\/\/www.meccanicasbarzaglia.com\/wp-content\/uploads\/2015\/12\/LeanCOSTv2_250x52.jpg\" alt=\"LeanCOSTv2_250x52\" width=\"200\" height=\"42\" \/>Die Abteilung verfolgt das Ziel, die Produkte nach Kundenanforderungen in der k\u00fcrzesten Zeit zu produzieren, und eine schnelle und kostenoptimierte Lieferung zu gew\u00e4hrleisten. <strong>Eine computergesteuerte Planung<\/strong> der Maschinen erm\u00f6glicht eine Optimierung der Schichten und eine effektive Produktion auch bei vielseitigen Produkten und Mengen. Die &#8222;<strong>Leancost<\/strong>&#8222;-Software stellt eine wertvolle technische Unterst\u00fctzung f\u00fcr eine genaue Angebotserstellung dar: aus einem 3D-Format werden Phasen und Fristen kalkuliert.<\/p>\n<p>&nbsp;<\/p>\n<h3><a href=\"https:\/\/www.meccanicasbarzaglia.com\/wp-content\/uploads\/2015\/12\/LogoTopSolid_SiemensNX_300.jpg\"><img loading=\"lazy\" decoding=\"async\" class=\" size-medium wp-image-9141 alignleft\" src=\"https:\/\/www.meccanicasbarzaglia.com\/wp-content\/uploads\/2015\/12\/LogoTopSolid_SiemensNX_300-300x217.jpg\" alt=\"logotopsolid_siemensnx_300\" width=\"300\" height=\"217\" srcset=\"https:\/\/www.meccanicasbarzaglia.com\/wp-content\/uploads\/2015\/12\/LogoTopSolid_SiemensNX_300-300x217.jpg 300w, https:\/\/www.meccanicasbarzaglia.com\/wp-content\/uploads\/2015\/12\/LogoTopSolid_SiemensNX_300-553x400.jpg 553w, https:\/\/www.meccanicasbarzaglia.com\/wp-content\/uploads\/2015\/12\/LogoTopSolid_SiemensNX_300.jpg 497w\" sizes=\"auto, (max-width: 300px) 100vw, 300px\" \/><\/a><\/h3>\n<h3>CAD\/CAM<\/h3>\n<p style=\"text-align: justify; font-size: 14px; font-weight: 400; line-height: 20px;\"><strong><span style=\"color: #ff0000;\">\u2022<\/span>\u00a0 2 SIEMENS NX Stationen<br \/>\n<span style=\"color: #ff0000;\">\u2022<\/span>\u00a0 3 TOP SOLID 7 Stationen<br \/>\n<\/strong><br \/>\nund ist spezialisiert auf die Programmierung der <strong>4. und 5. Achse<\/strong>.<\/p>\n<p style=\"text-align: justify; font-size: 14px; font-weight: 400; line-height: 20px;\">Wir planen und fertigen intern alle Werkzeuge f\u00fcr die Feinmechanik und die Bearbeitung von Verbundwerkstoffen.<br \/>\nDie <strong>Top-Solid integrierte CAD\/CAM\/PDM Software<\/strong> erm\u00f6glicht eine genaue Bearbeitung mit minimalen Toleranzen bei hoher Arbeitsgeschwindigkeit.<br \/>\n\u00ad<br \/>\nAlle Arbeits- und Pr\u00fcfberichte sind elektronisch und k\u00f6nnen von jedem Arbeitsplatz nachgeschlagen werden.<\/p>\n<p style=\"text-align: justify; font-size: 14px; font-weight: 400; line-height: 20px;\"><a href=\"https:\/\/www.meccanicasbarzaglia.com\/wp-content\/uploads\/2016\/09\/CAM-DEU.jpeg\"><img loading=\"lazy\" decoding=\"async\" class=\"alignnone size-full wp-image-9149\" src=\"https:\/\/www.meccanicasbarzaglia.com\/wp-content\/uploads\/2016\/09\/CAM-DEU.jpeg\" alt=\"cam-deu\" width=\"1443\" height=\"715\" srcset=\"https:\/\/www.meccanicasbarzaglia.com\/wp-content\/uploads\/2016\/09\/CAM-DEU.jpeg 1443w, https:\/\/www.meccanicasbarzaglia.com\/wp-content\/uploads\/2016\/09\/CAM-DEU-300x149.jpeg 300w, https:\/\/www.meccanicasbarzaglia.com\/wp-content\/uploads\/2016\/09\/CAM-DEU-1024x507.jpeg 1024w\" sizes=\"auto, (max-width: 1443px) 100vw, 1443px\" \/><\/a><\/p>\n<p>[\/vc_column_text][\/vc_tab][vc_tab title=&#8220;MESSLABOR&#8220; tab_id=&#8220;1455027695752-4-6&#8243;][vc_column_text css=&#8220;.vc_custom_1475085786349{padding-bottom: 40px !important;}&#8220;]<img loading=\"lazy\" decoding=\"async\" class=\" size-medium wp-image-8661 alignleft\" src=\"https:\/\/www.meccanicasbarzaglia.com\/wp-content\/uploads\/2015\/12\/controllo-meccanica300x300-300x300.png\" alt=\"controllo-meccanica300x300\" width=\"300\" height=\"300\" srcset=\"https:\/\/www.meccanicasbarzaglia.com\/wp-content\/uploads\/2015\/12\/controllo-meccanica300x300-300x300.png 300w, https:\/\/www.meccanicasbarzaglia.com\/wp-content\/uploads\/2015\/12\/controllo-meccanica300x300-150x150.png 150w, https:\/\/www.meccanicasbarzaglia.com\/wp-content\/uploads\/2015\/12\/controllo-meccanica300x300-768x768.png 768w, https:\/\/www.meccanicasbarzaglia.com\/wp-content\/uploads\/2015\/12\/controllo-meccanica300x300-570x570.png 570w, https:\/\/www.meccanicasbarzaglia.com\/wp-content\/uploads\/2015\/12\/controllo-meccanica300x300.png 667w\" sizes=\"auto, (max-width: 300px) 100vw, 300px\" \/><\/p>\n<h3>DAS MESSLABOR<\/h3>\n<p style=\"text-align: justify; font-size: 14px; font-weight: 400; line-height: 20px;\"><strong>Unsere pr\u00e4zisen Kontrollen<\/strong> garantieren die Schaffung eines perfekten Produkts. Das ist eines der Merkmale unseres Qualit\u00e4tssystems zur Sicherstellung einer exzellenten Leistung.<br \/>\nSt\u00e4ndige Kontrollen in jeder Bearbeitungsphase gew\u00e4hrleisten die korrekte Produktion in \u00dcbereinstimmung mit den festgelegten technischen Parametern. Das fertige Produkt wird im Messlabor allen Tests unterzogen, um die \u00dcbereinstimmung mit den Zeichnungsbema\u00dfungen zu \u00fcberpr\u00fcfen.<br \/>\nDas Pr\u00fcfzertifikat ist f\u00fcr Pr\u00fcfungen mit der \u201e<strong>Zeiss Accura II-Maschine<\/strong>\u201c sowie f\u00fcr Kontrollen am Pr\u00fcfstand verf\u00fcgbar. Die \u201e<em>Inspection<\/em>\u201c Software erm\u00f6glicht die automatische Eingabe der erfassten Werte und die Erzeugung von DXF-Dateien und entsprechenden Berichten. Unser Messlabor ist ein schallgesch\u00fctzter und klimatisierter 50 qm &#8211; Raum mit isoliertem Boden.<\/p>\n<p>[\/vc_column_text][\/vc_tab][\/vc_tabs][\/vc_column][\/vc_row][vc_row][vc_column][vc_column_text]<\/p>\n<p>[\/vc_column_text][\/vc_column][\/vc_row][vc_row type=&#8220;full-width-section&#8220; parallax_background=&#8220;&#8220; css=&#8220;.vc_custom_1478778722814{margin-bottom: 0px !important;border-top-width: 2px !important;padding-top: 5px !important;background-color: #000000 !important;background-position: center !important;background-repeat: no-repeat !important;background-size: cover !important;}&#8220;][vc_column width=&#8220;2\/3&#8243;][vc_column_text css=&#8220;.vc_custom_1706168882179{padding-top: 18px !important;}&#8220;]<\/p>\n<p style=\"font-size: 12px; font-weight: 300; line-height: 14px; text-align: right;\"><span style=\"color: #ededed;\"><strong>MECCANICA SBARZAGLIA di Sbarzaglia Giovanni &amp; C. s.n.c.\u00a0<\/strong> via Sali, 8\u00a0 48018 Faenza (RA) Italy\u00a0 \u00a0\u00a0 <strong>tel<\/strong>: (+39) 0546 620047\u00a0\u00a0\u00a0 <strong>fax<\/strong>: (+39) 0546 621492<br \/>\n<\/span><\/p>\n<p>[\/vc_column_text][\/vc_column][vc_column width=&#8220;1\/3&#8243;]<style type=\"text\/css\" >#b_6sk0od0yf92weyzi52r7 a{color:#ededed; background:; margin-top:0px; margin-bottom:0px;  margin-left:0px; margin-right:0px; font-weight:300; border-radius:0px;}#b_6sk0od0yf92weyzi52r7 a:hover{color:#dd3333 ; background: ;}<\/style><div class=\"ta_center tf_btn_pos\" id=\"b_6sk0od0yf92weyzi52r7\" ><a class=\"rd_normal_bt smallmedium_rd_bt bt_icon_left   \" href=\"mailto:info@meccanicasbarzaglia.com\" target=\"\"   ><i class=\"zo-email\" ><\/i><span>kontaktieren Sie uns<\/span><\/a><\/div><style type=\"text\/css\" >#b_6sk0od0yf92weyzi52r7 i {color:#ededed;}#b_6sk0od0yf92weyzi52r7 a:hover i{color:#dd3333;}<\/style><style type='text\/css'> @font-face{font-family: 'zo'; src:url('https:\/\/www.meccanicasbarzaglia.com\/wp-content\/themes\/thefox\/includes\/4k-icons\/icons\/4k-icons-pack05\/icons\/fonts\/zo.eot'); src:url('https:\/\/www.meccanicasbarzaglia.com\/wp-content\/themes\/thefox\/includes\/4k-icons\/icons\/4k-icons-pack05\/icons\/fonts\/zo.eot?#iefix') format('embedded-opentype'), url('https:\/\/www.meccanicasbarzaglia.com\/wp-content\/themes\/thefox\/includes\/4k-icons\/icons\/4k-icons-pack05\/icons\/fonts\/zo.woff') format('woff'), url('https:\/\/www.meccanicasbarzaglia.com\/wp-content\/themes\/thefox\/includes\/4k-icons\/icons\/4k-icons-pack05\/icons\/fonts\/zo.ttf') format('truetype'), url('https:\/\/www.meccanicasbarzaglia.com\/wp-content\/themes\/thefox\/includes\/4k-icons\/icons\/4k-icons-pack05\/icons\/fonts\/zo.svg#oi') format('svg'); font-weight: normal; font-style: normal;}#b_6sk0od0yf92weyzi52r7 .zo-email:before{font-family: 'zo'; font-weight: normal; font-style: normal;}#b_6sk0od0yf92weyzi52r7 .zo-email:before{content: \"\\e836\";}<\/style>\n[\/vc_column][\/vc_row][vc_row type=&#8220;full-width-section&#8220; parallax_background=&#8220;&#8220; css=&#8220;.vc_custom_1463351626064{margin-bottom: 0px !important;background-color: #000000 !important;background-position: center !important;background-repeat: no-repeat !important;background-size: cover !important;}&#8220;][vc_column][vc_column_text css=&#8220;.vc_custom_1706168910064{padding-top: 5px !important;padding-bottom: 18px !important;}&#8220;]<\/p>\n<p style=\"font-size: 12px; font-weight: 400; line-height: 15px; text-align: center;\"><span style=\"color: #ffffff;\">Copyright 2017 &#8211; MECCANICA SBARZAGLIA .di Sbarzaglia Giovanni &amp; C. s.n.c. &#8211; Cod. Fisc. e P.IVA 00996240396 &#8211; Capitale Sociale \u20ac 70.000,00 i.v. | All Rights Reserved | <a style=\"color: #ffffff;\" href=\"https:\/\/www.meccanicasbarzaglia.com\/privacy-e-cookies-policy\/\" target=\"_blank\" rel=\"noopener\">Cookie Policy<\/a><\/span><\/p>\n<p>[\/vc_column_text][\/vc_column][\/vc_row]<\/p>\n<\/div>","protected":false},"excerpt":{"rendered":"<p>[vc_row type=&#8220;full-width-section&#8220; parallax_background=&#8220;&#8220; css=&#8220;.vc_custom_1463395376393{background-image: url(https:\/\/www.meccanicasbarzaglia.com\/wp-content\/uploads\/2015\/12\/Slider-collage-finale.jpg?id=8706) !important;background-position: center !important;background-repeat: no-repeat !important;background-size: cover !important;}&#8220;][vc_column width=&#8220;1\/3&#8243;][\/vc_column][vc_column width=&#8220;1\/3&#8243;][\/vc_column][vc_column width=&#8220;1\/3&#8243; css=&#8220;.vc_custom_1465912246476{background-color: rgba(30,115,190,0.7) !important;*background-color: rgb(30,115,190) !important;}&#8220;][vc_column_text css=&#8220;.vc_custom_1475078644905{padding-top: 20px !important;padding-right: 20px !important;padding-bottom: 20px !important;padding-left: 20px !important;}&#8220;] MIT UNSEREM VIELSEITIGEN KNOW-HOW SIND WIR IN DER LAGE, DIE TECHNISCHEN BED\u00dcRFNISSE DER FORTSCHRITTLICHSTEN SEKTOREN ZU ERF\u00dcLLEN \u2022 Packaging \u2022 Automotive \u2022 Medizintechnik \u2022 Luft- und<br \/><a href=\"https:\/\/www.meccanicasbarzaglia.com\/de\/fachkenntnisse\/\" class=\"more\">Read more<\/a><\/p>\n","protected":false},"author":2,"featured_media":0,"parent":0,"menu_order":25,"comment_status":"closed","ping_status":"closed","template":"","meta":{"footnotes":""},"class_list":["post-8927","page","type-page","status-publish","hentry"],"_links":{"self":[{"href":"https:\/\/www.meccanicasbarzaglia.com\/de\/wp-json\/wp\/v2\/pages\/8927","targetHints":{"allow":["GET"]}}],"collection":[{"href":"https:\/\/www.meccanicasbarzaglia.com\/de\/wp-json\/wp\/v2\/pages"}],"about":[{"href":"https:\/\/www.meccanicasbarzaglia.com\/de\/wp-json\/wp\/v2\/types\/page"}],"author":[{"embeddable":true,"href":"https:\/\/www.meccanicasbarzaglia.com\/de\/wp-json\/wp\/v2\/users\/2"}],"replies":[{"embeddable":true,"href":"https:\/\/www.meccanicasbarzaglia.com\/de\/wp-json\/wp\/v2\/comments?post=8927"}],"version-history":[{"count":43,"href":"https:\/\/www.meccanicasbarzaglia.com\/de\/wp-json\/wp\/v2\/pages\/8927\/revisions"}],"predecessor-version":[{"id":9805,"href":"https:\/\/www.meccanicasbarzaglia.com\/de\/wp-json\/wp\/v2\/pages\/8927\/revisions\/9805"}],"wp:attachment":[{"href":"https:\/\/www.meccanicasbarzaglia.com\/de\/wp-json\/wp\/v2\/media?parent=8927"}],"curies":[{"name":"wp","href":"https:\/\/api.w.org\/{rel}","templated":true}]}}