{"id":8923,"date":"2016-09-28T17:13:39","date_gmt":"2016-09-28T15:13:39","guid":{"rendered":"http:\/\/meccanictf.cluster011.ovh.net\/?page_id=8923"},"modified":"2024-01-25T08:39:41","modified_gmt":"2024-01-25T07:39:41","slug":"unternehmen","status":"publish","type":"page","link":"https:\/\/www.meccanicasbarzaglia.com\/de\/unternehmen\/","title":{"rendered":"Unternehmen_CB"},"content":{"rendered":"<div class=\"wpb-content-wrapper\"><p>[vc_row type=&#8220;full-width-content&#8220; parallax_background=&#8220;&#8220;][vc_column][vc_single_image image=&#8220;8838&#8243; img_size=&#8220;full&#8220; alignment=&#8220;center&#8220;][\/vc_column][\/vc_row][vc_row parallax_background=&#8220;&#8220; css=&#8220;.vc_custom_1463407180225{margin-bottom: 0px !important;border-bottom-width: 0px !important;padding-bottom: 0px !important;}&#8220;][vc_column css=&#8220;.vc_custom_1455026072658{padding-right: 20px !important;}&#8220;][vc_column_text css=&#8220;.vc_custom_1475760633059{margin-top: 0px !important;margin-right: 0px !important;margin-bottom: 0px !important;margin-left: 0px !important;border-top-width: 0px !important;border-right-width: 0px !important;border-bottom-width: 0px !important;border-left-width: 0px !important;padding-top: 0px !important;padding-right: 0px !important;padding-bottom: 0px !important;padding-left: 0px !important;}&#8220;]<\/p>\n<p style=\"text-align: right; font-size: 15px; line-height: 21px; font-weight: 300;\"><em>\u201cDie Triebfeder unseres Unternehmens ist der Wille st\u00e4ndig zu wachsen,<br \/>\nneue Bereiche und Herausforderungen zu suchen, Ideen zu gestalten.<br \/>\nMit Leidenschaft und ohne Unterbrechungen.\u201d<\/em><\/p>\n<p>[\/vc_column_text][vc_column_text css=&#8220;.vc_custom_1465912119138{margin-top: 5px !important;margin-right: 0px !important;margin-bottom: 10px !important;margin-left: 0px !important;border-top-width: 0px !important;border-right-width: 0px !important;border-bottom-width: 0px !important;border-left-width: 0px !important;padding-top: 0px !important;padding-right: 0px !important;padding-bottom: 0px !important;padding-left: 0px !important;}&#8220;]<\/p>\n<p style=\"text-align: right; font-size: 12px; font-weight: 300;\"><strong>Gianni Sbarzaglia<\/strong><\/p>\n<p>[\/vc_column_text][\/vc_column][\/vc_row][vc_row parallax_background=&#8220;&#8220; parallax_type=&#8220;&#8220;][vc_column css=&#8220;.vc_custom_1455026082761{padding-right: 20px !important;padding-left: 20px !important;}&#8220;][vc_column_text css=&#8220;.vc_custom_1488292532031{margin-bottom: 10px !important;border-bottom-width: 0px !important;padding-bottom: 0px !important;}&#8220;]<\/p>\n<h3>DIE FIRMENPHILOSOPHIE<\/h3>\n<p>[\/vc_column_text][vc_column_text css=&#8220;.vc_custom_1475074821062{margin-top: 0px !important;margin-right: 0px !important;margin-bottom: 0px !important;margin-left: 0px !important;border-right-width: 0px !important;border-bottom-width: 0px !important;border-left-width: 0px !important;padding-top: 0px !important;padding-right: 0px !important;padding-bottom: 0px !important;padding-left: 0px !important;}&#8220;]<\/p>\n<p style=\"text-align: justify; font-size: 14px; font-weight: 400; line-height: 20px;\">Ihre Herausforderungen sind unsere Ziele.<br \/>\nMan muss in k\u00fcrzester Zeit auf Sonderw\u00fcnsche reagieren, um einen raschen Start der Ideen zu erm\u00f6glichen. Das ist genau der Grund, warum die Meccanica Sbarzaglia ein wichtiger Partner der Automobil- und Motorsportindustrie, Certified <strong>Gold Supplier in Free Pass<\/strong> f\u00fcr die technologisch fortschrittliche Industrieautomation sowie Lieferant der Luft- und Raumfahrtindustrie ist<\/p>\n<p>[\/vc_column_text][\/vc_column][\/vc_row][vc_row parallax_background=&#8220;&#8220; parallax_type=&#8220;&#8220;][vc_column css=&#8220;.vc_custom_1455025603430{padding-right: 20px !important;padding-left: 20px !important;}&#8220;][vc_tabs interval=&#8220;0&#8243; type=&#8220;rd_tab_1&#8243;][vc_tab title=&#8220;\u00dcBER UNS&#8220; tab_id=&#8220;4e8b1566-546e-3&#8243;][vc_column_text]<\/p>\n<p style=\"text-align: justify; font-size: 14px; font-weight: 400; line-height: 20px;\"><img loading=\"lazy\" decoding=\"async\" class=\"aligncenter wp-image-8672\" src=\"https:\/\/www.meccanicasbarzaglia.com\/wp-content\/uploads\/2015\/12\/STORIA-Gianni-agli-inizi-768x384.png\" alt=\"STORIA-Gianni-agli-inizi\" width=\"1024\" height=\"504\" srcset=\"https:\/\/www.meccanicasbarzaglia.com\/wp-content\/uploads\/2015\/12\/STORIA-Gianni-agli-inizi-300x148.png 300w, https:\/\/www.meccanicasbarzaglia.com\/wp-content\/uploads\/2015\/12\/STORIA-Gianni-agli-inizi-1024x504.png 1024w, https:\/\/www.meccanicasbarzaglia.com\/wp-content\/uploads\/2015\/12\/STORIA-Gianni-agli-inizi.png 1500w\" sizes=\"auto, (max-width: 1024px) 100vw, 1024px\" \/> Unsere 50-j\u00e4hrige Firmengeschichte basiert auf <strong>Vertrauen<\/strong>.<\/p>\n<p style=\"text-align: justify; font-size: 14px; font-weight: 400; line-height: 20px;\"><strong>1961<\/strong> er\u00f6ffnet der junge Schmied Giovanni Sbarzaglia eine kleine Werkstatt. Er wird von f\u00e4higen Facharbeitern unterst\u00fctzt, die nach und nach mit ihm ein zuverl\u00e4ssiges Team bilden. Die Kunden sch\u00e4tzen den Top-Service und die P\u00fcnktlichkeit der Lieferungen und geben ihm umfassendere Auftr\u00e4ge.<\/p>\n<p style=\"text-align: justify; font-size: 14px; font-weight: 400; line-height: 20px;\"><strong>In den 70er Jahren<\/strong> startet unsere Partnerschaft mit einem wichtigen Formel-3-Rennstall &#8211; heute Top-Player der Formel-1. Aus der Welt des Rennsports erben wir die Kultur des \u201e<strong>one-off<\/strong>\u201c Prototyps und der sofortigen Lieferung. Dieser Bereich ist nun die Kernaktivit\u00e4t unserer Firma. Im gleichen Zeitraum beginnt f\u00fcr uns eine Zeit gro\u00dfer Kreativit\u00e4t und wir entwickeln Patente und eigene Projekte, die heutzutage zum industriellen Erbe der Firma geh\u00f6ren.<\/p>\n<p style=\"text-align: justify; font-size: 14px; font-weight: 400; line-height: 20px;\">Ein wichtiger Wendepunkt ist <strong>1980<\/strong> der Umzug in via Sali. Das wachsende Vertrauen unserer Kunden, die uns mit dem Bau von komplexen Prototypen beauftragen, er\u00f6ffnet uns die T\u00fcr zu neuen Partnerschaften, die zum Wachstum unserer Feinmechanik-Kompetenzen beitragen.<\/p>\n<p style=\"text-align: justify; font-size: 14px; font-weight: 400; line-height: 20px;\"><strong>In den 90er Jahren<\/strong> erwerben wir Bearbeitungszentren der bekanntesten Marken, um die Qualit\u00e4t unserer Leistungen weiter zu verbessern.<\/p>\n<p style=\"text-align: justify; font-size: 14px; font-weight: 400; line-height: 20px;\"><strong>In den 2000er Jahren<\/strong> beginnen wir mit der Bearbeitung von <strong>Verbundwerkstoffen<\/strong>. Ein wichtiger Schritt in der Entwicklung unseres Unternehmens.<\/p>\n<p style=\"text-align: justify; font-size: 14px; font-weight: 400; line-height: 20px;\">Heute ist die Firma Sbarzaglia ein solider und zuverl\u00e4ssiger Partner, der sich nach einem schrittweisen und nachhaltigen Gesch\u00e4ftsmodell entwickelt hat, finanziell stabil ist und \u00fcber ein ausgereiftes technisches Know-how verf\u00fcgt.<\/p>\n<p>[\/vc_column_text][\/vc_tab][vc_tab title=&#8220;DAS TEAM&#8220; tab_id=&#8220;02891966-277b-1&#8243;][vc_column_text]<\/p>\n<p style=\"text-align: justify; font-size: 14px; font-weight: 400; line-height: 20px;\"><img loading=\"lazy\" decoding=\"async\" class=\"aligncenter wp-image-8715\" src=\"https:\/\/www.meccanicasbarzaglia.com\/wp-content\/uploads\/2015\/12\/apertura-Team-768x384.png\" alt=\"apertura Team\" width=\"1024\" height=\"505\" srcset=\"https:\/\/www.meccanicasbarzaglia.com\/wp-content\/uploads\/2015\/12\/apertura-Team-300x148.png 300w, https:\/\/www.meccanicasbarzaglia.com\/wp-content\/uploads\/2015\/12\/apertura-Team-1024x505.png 1024w, https:\/\/www.meccanicasbarzaglia.com\/wp-content\/uploads\/2015\/12\/apertura-Team.png 1500w\" sizes=\"auto, (max-width: 1024px) 100vw, 1024px\" \/> Wir sind ein hoch qualifiziertes Team, das seit mehreren Jahren zusammenarbeitet.<\/p>\n<p style=\"text-align: justify; font-size: 14px; font-weight: 400; line-height: 20px;\">Simona, die Tochter vom Unternehmensgr\u00fcnder Giovanni, f\u00fchrt die Firma mit der gleichen Leidenschaft ihres Vaters.<\/p>\n<p style=\"text-align: justify; font-size: 14px; font-weight: 400; line-height: 20px;\">Jeder von uns spielt eine wichtige Rolle in der Firma und verfolgt das gleiche Ziel: das Beste zu geben und zusammenzuarbeiten, um <strong>rechtzeitig ein perfektes Produkt zu liefern<\/strong>.<\/p>\n<p style=\"text-align: justify; font-size: 14px; font-weight: 400; line-height: 20px;\">Kundenbed\u00fcrfnissen entgegenzukommen und Ideen zu gestalten sind unsere Beitr\u00e4ge zur Entstehung wertvoller Projekte. Wir sind sehr stolz darauf und wir bem\u00fchen uns st\u00e4ndig, um flexibel auf Kundenanfragen zu reagieren. <strong>Zuverl\u00e4ssigkeit<\/strong> hei\u00dft: \u201eunser Wort zu halten\u201c.<\/p>\n<p>[\/vc_column_text][\/vc_tab][\/vc_tabs][\/vc_column][\/vc_row][vc_row][vc_column][vc_column_text]<\/p>\n<p>[\/vc_column_text][\/vc_column][\/vc_row][vc_row type=&#8220;full-width-section&#8220; parallax_background=&#8220;&#8220; css=&#8220;.vc_custom_1478778722814{margin-bottom: 0px !important;border-top-width: 2px !important;padding-top: 5px !important;background-color: #000000 !important;background-position: center !important;background-repeat: no-repeat !important;background-size: cover !important;}&#8220;][vc_column width=&#8220;2\/3&#8243;][vc_column_text css=&#8220;.vc_custom_1706168333284{padding-top: 18px !important;}&#8220;]<\/p>\n<p style=\"font-size: 12px; font-weight: 300; line-height: 14px; text-align: right;\"><span style=\"color: #ededed;\"><strong>MECCANICA SBARZAGLIA di Sbarzaglia Giovanni &amp; C. s.n.c.\u00a0<\/strong> via Sali, 8\u00a0 48018 Faenza (RA) Italy\u00a0 \u00a0\u00a0 <strong>tel<\/strong>: (+39) 0546 620047\u00a0\u00a0\u00a0 <strong>fax<\/strong>: (+39) 0546 621492<br \/>\n<\/span><\/p>\n<p>[\/vc_column_text][\/vc_column][vc_column width=&#8220;1\/3&#8243;]<style type=\"text\/css\" >#b_jfxq00hooilvry90g43s a{color:#ededed; background:; margin-top:0px; margin-bottom:0px;  margin-left:0px; margin-right:0px; font-weight:300; border-radius:0px;}#b_jfxq00hooilvry90g43s a:hover{color:#dd3333 ; background: ;}<\/style><div class=\"ta_center tf_btn_pos\" id=\"b_jfxq00hooilvry90g43s\" ><a class=\"rd_normal_bt smallmedium_rd_bt bt_icon_left   \" href=\"mailto:info@meccanicasbarzaglia.com\" target=\"\"   ><i class=\"zo-email\" ><\/i><span>kontaktieren Sie uns<\/span><\/a><\/div><style type=\"text\/css\" >#b_jfxq00hooilvry90g43s i {color:#ededed;}#b_jfxq00hooilvry90g43s a:hover i{color:#dd3333;}<\/style><style type='text\/css'> @font-face{font-family: 'zo'; src:url('https:\/\/www.meccanicasbarzaglia.com\/wp-content\/themes\/thefox\/includes\/4k-icons\/icons\/4k-icons-pack05\/icons\/fonts\/zo.eot'); src:url('https:\/\/www.meccanicasbarzaglia.com\/wp-content\/themes\/thefox\/includes\/4k-icons\/icons\/4k-icons-pack05\/icons\/fonts\/zo.eot?#iefix') format('embedded-opentype'), url('https:\/\/www.meccanicasbarzaglia.com\/wp-content\/themes\/thefox\/includes\/4k-icons\/icons\/4k-icons-pack05\/icons\/fonts\/zo.woff') format('woff'), url('https:\/\/www.meccanicasbarzaglia.com\/wp-content\/themes\/thefox\/includes\/4k-icons\/icons\/4k-icons-pack05\/icons\/fonts\/zo.ttf') format('truetype'), url('https:\/\/www.meccanicasbarzaglia.com\/wp-content\/themes\/thefox\/includes\/4k-icons\/icons\/4k-icons-pack05\/icons\/fonts\/zo.svg#oi') format('svg'); font-weight: normal; font-style: normal;}#b_jfxq00hooilvry90g43s .zo-email:before{font-family: 'zo'; font-weight: normal; font-style: normal;}#b_jfxq00hooilvry90g43s .zo-email:before{content: \"\\e836\";}<\/style>\n[\/vc_column][\/vc_row][vc_row type=&#8220;full-width-section&#8220; parallax_background=&#8220;&#8220; css=&#8220;.vc_custom_1463351626064{margin-bottom: 0px !important;background-color: #000000 !important;background-position: center !important;background-repeat: no-repeat !important;background-size: cover !important;}&#8220;][vc_column][vc_column_text css=&#8220;.vc_custom_1706168377421{padding-top: 5px !important;padding-bottom: 18px !important;}&#8220;]<\/p>\n<p style=\"font-size: 12px; font-weight: 400; line-height: 15px; text-align: center;\"><span style=\"color: #ffffff;\">Copyright 2017 &#8211; MECCANICA SBARZAGLIA .di Sbarzaglia Giovanni &amp; C. s.n.c. &#8211; Cod. Fisc. e P.IVA 00996240396 &#8211; Capitale Sociale \u20ac 70.000,00 i.v. | All Rights Reserved | <a style=\"color: #ffffff;\" href=\"https:\/\/www.meccanicasbarzaglia.com\/privacy-e-cookies-policy\/\" target=\"_blank\" rel=\"noopener\">Cookie Policy<\/a><\/span><\/p>\n<p>[\/vc_column_text][\/vc_column][\/vc_row]<\/p>\n<\/div>","protected":false},"excerpt":{"rendered":"<p>[vc_row type=&#8220;full-width-content&#8220; parallax_background=&#8220;&#8220;][vc_column][vc_single_image image=&#8220;8838&#8243; img_size=&#8220;full&#8220; alignment=&#8220;center&#8220;][\/vc_column][\/vc_row][vc_row parallax_background=&#8220;&#8220; css=&#8220;.vc_custom_1463407180225{margin-bottom: 0px !important;border-bottom-width: 0px !important;padding-bottom: 0px !important;}&#8220;][vc_column css=&#8220;.vc_custom_1455026072658{padding-right: 20px !important;}&#8220;][vc_column_text css=&#8220;.vc_custom_1475760633059{margin-top: 0px !important;margin-right: 0px !important;margin-bottom: 0px !important;margin-left: 0px !important;border-top-width: 0px !important;border-right-width: 0px !important;border-bottom-width: 0px !important;border-left-width: 0px !important;padding-top: 0px !important;padding-right: 0px !important;padding-bottom: 0px !important;padding-left: 0px !important;}&#8220;] \u201cDie Triebfeder unseres Unternehmens ist der Wille st\u00e4ndig zu wachsen, neue Bereiche und<br \/><a href=\"https:\/\/www.meccanicasbarzaglia.com\/de\/unternehmen\/\" class=\"more\">Read more<\/a><\/p>\n","protected":false},"author":2,"featured_media":0,"parent":0,"menu_order":5,"comment_status":"closed","ping_status":"closed","template":"","meta":{"footnotes":""},"class_list":["post-8923","page","type-page","status-publish","hentry"],"_links":{"self":[{"href":"https:\/\/www.meccanicasbarzaglia.com\/de\/wp-json\/wp\/v2\/pages\/8923","targetHints":{"allow":["GET"]}}],"collection":[{"href":"https:\/\/www.meccanicasbarzaglia.com\/de\/wp-json\/wp\/v2\/pages"}],"about":[{"href":"https:\/\/www.meccanicasbarzaglia.com\/de\/wp-json\/wp\/v2\/types\/page"}],"author":[{"embeddable":true,"href":"https:\/\/www.meccanicasbarzaglia.com\/de\/wp-json\/wp\/v2\/users\/2"}],"replies":[{"embeddable":true,"href":"https:\/\/www.meccanicasbarzaglia.com\/de\/wp-json\/wp\/v2\/comments?post=8923"}],"version-history":[{"count":12,"href":"https:\/\/www.meccanicasbarzaglia.com\/de\/wp-json\/wp\/v2\/pages\/8923\/revisions"}],"predecessor-version":[{"id":9726,"href":"https:\/\/www.meccanicasbarzaglia.com\/de\/wp-json\/wp\/v2\/pages\/8923\/revisions\/9726"}],"wp:attachment":[{"href":"https:\/\/www.meccanicasbarzaglia.com\/de\/wp-json\/wp\/v2\/media?parent=8923"}],"curies":[{"name":"wp","href":"https:\/\/api.w.org\/{rel}","templated":true}]}}